{"id":1376,"date":"2020-01-16T07:46:55","date_gmt":"2020-01-16T07:46:55","guid":{"rendered":"http:\/\/yrityskonsultit.fi\/?page_id=1376"},"modified":"2021-11-09T07:26:44","modified_gmt":"2021-11-09T07:26:44","slug":"erityistoimeksiannot","status":"publish","type":"page","link":"https:\/\/yrityskonsultit.fi\/en\/erityistoimeksiannot\/","title":{"rendered":"Special assignments"},"content":{"rendered":"<div data-elementor-type=\"wp-page\" data-elementor-id=\"1376\" class=\"elementor elementor-1376\">\n\t\t\t\t\t\t<section class=\"elementor-section elementor-top-section elementor-element elementor-element-40402c5 elementor-section-stretched elementor-section-height-full elementor-section-boxed elementor-section-height-default elementor-section-items-middle\" data-id=\"40402c5\" data-element_type=\"section\" data-e-type=\"section\" data-settings=\"{&quot;stretch_section&quot;:&quot;section-stretched&quot;,&quot;background_background&quot;:&quot;classic&quot;}\">\n\t\t\t\t\t\t\t<div class=\"elementor-background-overlay\"><\/div>\n\t\t\t\t\t\t\t<div class=\"elementor-container elementor-column-gap-default\">\n\t\t\t\t\t<div class=\"elementor-column elementor-col-100 elementor-top-column elementor-element elementor-element-1705062\" data-id=\"1705062\" data-element_type=\"column\" data-e-type=\"column\">\n\t\t\t<div class=\"elementor-widget-wrap elementor-element-populated\">\n\t\t\t\t\t\t<div class=\"elementor-element elementor-element-3a64f4d elementor-widget elementor-widget-heading\" data-id=\"3a64f4d\" data-element_type=\"widget\" data-e-type=\"widget\" data-widget_type=\"heading.default\">\n\t\t\t\t<div class=\"elementor-widget-container\">\n\t\t\t\t\t<h3 class=\"elementor-heading-title elementor-size-default\">Special assignments<\/h3>\t\t\t\t<\/div>\n\t\t\t\t<\/div>\n\t\t\t\t\t<\/div>\n\t\t<\/div>\n\t\t\t\t\t<\/div>\n\t\t<\/section>\n\t\t\t\t<section class=\"elementor-section elementor-top-section elementor-element elementor-element-43960a0 elementor-section-boxed elementor-section-height-default elementor-section-height-default\" data-id=\"43960a0\" data-element_type=\"section\" data-e-type=\"section\">\n\t\t\t\t\t\t<div class=\"elementor-container elementor-column-gap-default\">\n\t\t\t\t\t<div class=\"elementor-column elementor-col-100 elementor-top-column elementor-element elementor-element-c950f9f\" data-id=\"c950f9f\" data-element_type=\"column\" data-e-type=\"column\">\n\t\t\t<div class=\"elementor-widget-wrap elementor-element-populated\">\n\t\t\t\t\t\t<div class=\"elementor-element elementor-element-33ee5b7 elementor-widget elementor-widget-spacer\" data-id=\"33ee5b7\" data-element_type=\"widget\" data-e-type=\"widget\" data-widget_type=\"spacer.default\">\n\t\t\t\t<div class=\"elementor-widget-container\">\n\t\t\t\t\t\t\t<div class=\"elementor-spacer\">\n\t\t\t<div class=\"elementor-spacer-inner\"><\/div>\n\t\t<\/div>\n\t\t\t\t\t\t<\/div>\n\t\t\t\t<\/div>\n\t\t\t\t\t<\/div>\n\t\t<\/div>\n\t\t\t\t\t<\/div>\n\t\t<\/section>\n\t\t\t\t<section class=\"elementor-section elementor-top-section elementor-element elementor-element-99e4860 elementor-section-boxed elementor-section-height-default elementor-section-height-default\" data-id=\"99e4860\" data-element_type=\"section\" data-e-type=\"section\">\n\t\t\t\t\t\t<div class=\"elementor-container elementor-column-gap-default\">\n\t\t\t\t\t<div class=\"elementor-column elementor-col-100 elementor-top-column elementor-element elementor-element-dcc0afd\" data-id=\"dcc0afd\" data-element_type=\"column\" data-e-type=\"column\">\n\t\t\t<div class=\"elementor-widget-wrap elementor-element-populated\">\n\t\t\t\t\t\t<div class=\"elementor-element elementor-element-bfe661f elementor-widget elementor-widget-text-editor\" data-id=\"bfe661f\" data-element_type=\"widget\" data-e-type=\"widget\" data-widget_type=\"text-editor.default\">\n\t\t\t\t<div class=\"elementor-widget-container\">\n\t\t\t\t\t\t\t\t\t<p>If necessary, the auditor of Business Consultants also perform special assignments that do not correspond in scope or level of assurance to the statutory audit. In these assignments, the auditor performs the necessary audits or actions and reports on them only in confidence to the client.<\/p>\t\t\t\t\t\t\t\t<\/div>\n\t\t\t\t<\/div>\n\t\t\t\t\t<\/div>\n\t\t<\/div>\n\t\t\t\t\t<\/div>\n\t\t<\/section>\n\t\t\t\t<section class=\"elementor-section elementor-top-section elementor-element elementor-element-e703822 elementor-section-boxed elementor-section-height-default elementor-section-height-default\" data-id=\"e703822\" data-element_type=\"section\" data-e-type=\"section\">\n\t\t\t\t\t\t<div class=\"elementor-container elementor-column-gap-default\">\n\t\t\t\t\t<div class=\"elementor-column elementor-col-100 elementor-top-column elementor-element elementor-element-4c7a945\" data-id=\"4c7a945\" data-element_type=\"column\" data-e-type=\"column\">\n\t\t\t<div class=\"elementor-widget-wrap elementor-element-populated\">\n\t\t\t\t\t\t<div class=\"elementor-element elementor-element-a764cbe elementor-widget elementor-widget-heading\" data-id=\"a764cbe\" data-element_type=\"widget\" data-e-type=\"widget\" data-widget_type=\"heading.default\">\n\t\t\t\t<div class=\"elementor-widget-container\">\n\t\t\t\t\t<h4 class=\"elementor-heading-title elementor-size-default\">Specific tasks include:<\/h4>\t\t\t\t<\/div>\n\t\t\t\t<\/div>\n\t\t\t\t\t<\/div>\n\t\t<\/div>\n\t\t\t\t\t<\/div>\n\t\t<\/section>\n\t\t\t\t<section class=\"elementor-section elementor-top-section elementor-element elementor-element-038604a elementor-section-boxed elementor-section-height-default elementor-section-height-default\" data-id=\"038604a\" data-element_type=\"section\" data-e-type=\"section\">\n\t\t\t\t\t\t<div class=\"elementor-container elementor-column-gap-default\">\n\t\t\t\t\t<div class=\"elementor-column elementor-col-100 elementor-top-column elementor-element elementor-element-f7f7c7c\" data-id=\"f7f7c7c\" data-element_type=\"column\" data-e-type=\"column\">\n\t\t\t<div class=\"elementor-widget-wrap elementor-element-populated\">\n\t\t\t\t\t\t<div class=\"elementor-element elementor-element-76b618f elementor-widget elementor-widget-toggle\" data-id=\"76b618f\" data-element_type=\"widget\" data-e-type=\"widget\" data-widget_type=\"toggle.default\">\n\t\t\t\t<div class=\"elementor-widget-container\">\n\t\t\t\t\t\t\t<div class=\"elementor-toggle\">\n\t\t\t\t\t\t\t<div class=\"elementor-toggle-item\">\n\t\t\t\t\t<div id=\"elementor-tab-title-1241\" class=\"elementor-tab-title\" data-tab=\"1\" role=\"button\" aria-controls=\"elementor-tab-content-1241\" aria-expanded=\"false\">\n\t\t\t\t\t\t\t\t\t\t\t\t<span class=\"elementor-toggle-icon elementor-toggle-icon-left\" aria-hidden=\"true\">\n\t\t\t\t\t\t\t\t\t\t\t\t\t\t\t<span class=\"elementor-toggle-icon-closed\"><i class=\"fas fa-caret-right\"><\/i><\/span>\n\t\t\t\t\t\t\t\t<span class=\"elementor-toggle-icon-opened\"><i class=\"elementor-toggle-icon-opened fas fa-caret-up\"><\/i><\/span>\n\t\t\t\t\t\t\t\t\t\t\t\t\t<\/span>\n\t\t\t\t\t\t\t\t\t\t\t\t<a class=\"elementor-toggle-title\" tabindex=\"0\">General inspection<\/a>\n\t\t\t\t\t<\/div>\n\n\t\t\t\t\t<div id=\"elementor-tab-content-1241\" class=\"elementor-tab-content elementor-clearfix\" data-tab=\"1\" role=\"region\" aria-labelledby=\"elementor-tab-title-1241\"><ul><li>Checking and verifying the accuracy of the financial statements<\/li><li>Analysis of financial figures in the financial statements<\/li><\/ul><\/div>\n\t\t\t\t<\/div>\n\t\t\t\t\t\t\t<div class=\"elementor-toggle-item\">\n\t\t\t\t\t<div id=\"elementor-tab-title-1242\" class=\"elementor-tab-title\" data-tab=\"2\" role=\"button\" aria-controls=\"elementor-tab-content-1242\" aria-expanded=\"false\">\n\t\t\t\t\t\t\t\t\t\t\t\t<span class=\"elementor-toggle-icon elementor-toggle-icon-left\" aria-hidden=\"true\">\n\t\t\t\t\t\t\t\t\t\t\t\t\t\t\t<span class=\"elementor-toggle-icon-closed\"><i class=\"fas fa-caret-right\"><\/i><\/span>\n\t\t\t\t\t\t\t\t<span class=\"elementor-toggle-icon-opened\"><i class=\"elementor-toggle-icon-opened fas fa-caret-up\"><\/i><\/span>\n\t\t\t\t\t\t\t\t\t\t\t\t\t<\/span>\n\t\t\t\t\t\t\t\t\t\t\t\t<a class=\"elementor-toggle-title\" tabindex=\"0\">Special inspection<\/a>\n\t\t\t\t\t<\/div>\n\n\t\t\t\t\t<div id=\"elementor-tab-content-1242\" class=\"elementor-tab-content elementor-clearfix\" data-tab=\"2\" role=\"region\" aria-labelledby=\"elementor-tab-title-1242\"><ul><li>Determining the company's financial situation (often for minority shareholders)<\/li><\/ul><\/div>\n\t\t\t\t<\/div>\n\t\t\t\t\t\t\t<div class=\"elementor-toggle-item\">\n\t\t\t\t\t<div id=\"elementor-tab-title-1243\" class=\"elementor-tab-title\" data-tab=\"3\" role=\"button\" aria-controls=\"elementor-tab-content-1243\" aria-expanded=\"false\">\n\t\t\t\t\t\t\t\t\t\t\t\t<span class=\"elementor-toggle-icon elementor-toggle-icon-left\" aria-hidden=\"true\">\n\t\t\t\t\t\t\t\t\t\t\t\t\t\t\t<span class=\"elementor-toggle-icon-closed\"><i class=\"fas fa-caret-right\"><\/i><\/span>\n\t\t\t\t\t\t\t\t<span class=\"elementor-toggle-icon-opened\"><i class=\"elementor-toggle-icon-opened fas fa-caret-up\"><\/i><\/span>\n\t\t\t\t\t\t\t\t\t\t\t\t\t<\/span>\n\t\t\t\t\t\t\t\t\t\t\t\t<a class=\"elementor-toggle-title\" tabindex=\"0\">Due Dilingence Inspection<\/a>\n\t\t\t\t\t<\/div>\n\n\t\t\t\t\t<div id=\"elementor-tab-content-1243\" class=\"elementor-tab-content elementor-clearfix\" data-tab=\"3\" role=\"region\" aria-labelledby=\"elementor-tab-title-1243\"><p>Acquisition situations in which you want certainty about the overall picture of the object of the transaction and you want to find out possible risk factors.<\/p><\/div>\n\t\t\t\t<\/div>\n\t\t\t\t\t\t\t\t<\/div>\n\t\t\t\t\t\t<\/div>\n\t\t\t\t<\/div>\n\t\t\t\t\t<\/div>\n\t\t<\/div>\n\t\t\t\t\t<\/div>\n\t\t<\/section>\n\t\t\t\t<section class=\"elementor-section elementor-top-section elementor-element elementor-element-ff40d4b elementor-section-boxed elementor-section-height-default elementor-section-height-default\" data-id=\"ff40d4b\" data-element_type=\"section\" data-e-type=\"section\">\n\t\t\t\t\t\t<div class=\"elementor-container elementor-column-gap-default\">\n\t\t\t\t\t<div class=\"elementor-column elementor-col-100 elementor-top-column elementor-element elementor-element-c71d65c\" data-id=\"c71d65c\" data-element_type=\"column\" data-e-type=\"column\">\n\t\t\t<div class=\"elementor-widget-wrap elementor-element-populated\">\n\t\t\t\t\t\t<div class=\"elementor-element elementor-element-92cb715 elementor-align-center elementor-widget elementor-widget-button\" data-id=\"92cb715\" data-element_type=\"widget\" data-e-type=\"widget\" data-widget_type=\"button.default\">\n\t\t\t\t<div class=\"elementor-widget-container\">\n\t\t\t\t\t\t\t\t\t<div class=\"elementor-button-wrapper\">\n\t\t\t\t\t<a class=\"elementor-button elementor-button-link elementor-size-md\" href=\"\">\n\t\t\t\t\t\t<span class=\"elementor-button-content-wrapper\">\n\t\t\t\t\t\t<span class=\"elementor-button-icon\">\n\t\t\t\t<i aria-hidden=\"true\" class=\"fas fa-arrow-right\"><\/i>\t\t\t<\/span>\n\t\t\t\t\t\t\t\t\t<span class=\"elementor-button-text\">CONTACT<\/span>\n\t\t\t\t\t<\/span>\n\t\t\t\t\t<\/a>\n\t\t\t\t<\/div>\n\t\t\t\t\t\t\t\t<\/div>\n\t\t\t\t<\/div>\n\t\t\t\t<div class=\"elementor-element elementor-element-7707904 elementor-widget elementor-widget-spacer\" data-id=\"7707904\" data-element_type=\"widget\" data-e-type=\"widget\" data-widget_type=\"spacer.default\">\n\t\t\t\t<div class=\"elementor-widget-container\">\n\t\t\t\t\t\t\t<div class=\"elementor-spacer\">\n\t\t\t<div class=\"elementor-spacer-inner\"><\/div>\n\t\t<\/div>\n\t\t\t\t\t\t<\/div>\n\t\t\t\t<\/div>\n\t\t\t\t\t<\/div>\n\t\t<\/div>\n\t\t\t\t\t<\/div>\n\t\t<\/section>\n\t\t\t\t<\/div>","protected":false},"excerpt":{"rendered":"<p>Erityistoimeksiannot Yrityskonsulttien\u00a0tilintarkastaja suorittaa tarvittaessa my\u00f6s erityistoimeksiannot, jotka eiv\u00e4t laajuudeltaan tai varmuustasoltaan vastaa lakis\u00e4\u00e4teist\u00e4 tilintarkastusta. N\u00e4iss\u00e4 toimeksinnoissa tilintarkastaja tekee tarvittavat tarkastukset tai toimenpiteet, ja laatii niist\u00e4 raportin ainoastaan luottamuksellisesti toimeksiantajan k\u00e4ytt\u00f6\u00f6n. Erityisteht\u00e4viin kuuluu muun muassa: Yleisluonteinen tarkastus Tilinp\u00e4\u00e4t\u00f6ksen oikeellisuuden tarkastaminen ja varmistaminen Tilinp\u00e4\u00e4t\u00f6ksen taloudellisten lukujen analysointi Erityinen tarkastus Yhti\u00f6n taloudellisen tilanteen selvitt\u00e4minen (usein v\u00e4hemmist\u00f6osakkaille) Due Dilingence [&hellip;]<\/p>\n","protected":false},"author":1,"featured_media":0,"parent":0,"menu_order":0,"comment_status":"closed","ping_status":"closed","template":"","meta":{"_uag_custom_page_level_css":"","_monsterinsights_skip_tracking":false,"_monsterinsights_sitenote_active":false,"_monsterinsights_sitenote_note":"","_monsterinsights_sitenote_category":0,"site-sidebar-layout":"no-sidebar","site-content-layout":"page-builder","ast-site-content-layout":"default","site-content-style":"default","site-sidebar-style":"default","ast-global-header-display":"","ast-banner-title-visibility":"","ast-main-header-display":"","ast-hfb-above-header-display":"","ast-hfb-below-header-display":"","ast-hfb-mobile-header-display":"","site-post-title":"disabled","ast-breadcrumbs-content":"","ast-featured-img":"disabled","footer-sml-layout":"","ast-disable-related-posts":"","theme-transparent-header-meta":"enabled","adv-header-id-meta":"","stick-header-meta":"","header-above-stick-meta":"","header-main-stick-meta":"","header-below-stick-meta":"","astra-migrate-meta-layouts":"default","ast-page-background-enabled":"default","ast-page-background-meta":{"desktop":{"background-color":"","background-image":"","background-repeat":"repeat","background-position":"center center","background-size":"auto","background-attachment":"scroll","background-type":"","background-media":"","overlay-type":"","overlay-color":"","overlay-opacity":"","overlay-gradient":""},"tablet":{"background-color":"","background-image":"","background-repeat":"repeat","background-position":"center center","background-size":"auto","background-attachment":"scroll","background-type":"","background-media":"","overlay-type":"","overlay-color":"","overlay-opacity":"","overlay-gradient":""},"mobile":{"background-color":"","background-image":"","background-repeat":"repeat","background-position":"center center","background-size":"auto","background-attachment":"scroll","background-type":"","background-media":"","overlay-type":"","overlay-color":"","overlay-opacity":"","overlay-gradient":""}},"ast-content-background-meta":{"desktop":{"background-color":"var(--ast-global-color-5)","background-image":"","background-repeat":"repeat","background-position":"center center","background-size":"auto","background-attachment":"scroll","background-type":"","background-media":"","overlay-type":"","overlay-color":"","overlay-opacity":"","overlay-gradient":""},"tablet":{"background-color":"var(--ast-global-color-5)","background-image":"","background-repeat":"repeat","background-position":"center center","background-size":"auto","background-attachment":"scroll","background-type":"","background-media":"","overlay-type":"","overlay-color":"","overlay-opacity":"","overlay-gradient":""},"mobile":{"background-color":"var(--ast-global-color-5)","background-image":"","background-repeat":"repeat","background-position":"center center","background-size":"auto","background-attachment":"scroll","background-type":"","background-media":"","overlay-type":"","overlay-color":"","overlay-opacity":"","overlay-gradient":""}},"footnotes":""},"class_list":["post-1376","page","type-page","status-publish","hentry"],"yoast_head":"<!-- This site is optimized with the Yoast SEO plugin v27.3 - https:\/\/yoast.com\/product\/yoast-seo-wordpress\/ -->\n<title>Erityistoimeksiannot - Yrityskonsultit<\/title>\n<meta name=\"description\" content=\"Yrityskonsulttien\u00a0tilintarkastaja suorittaa tarvittaessa erityistoimeksiannot. Ota yhteytt\u00e4!\" \/>\n<meta name=\"robots\" content=\"index, follow, max-snippet:-1, max-image-preview:large, max-video-preview:-1\" \/>\n<link rel=\"canonical\" href=\"https:\/\/yrityskonsultit.fi\/en\/erityistoimeksiannot\/\" \/>\n<meta property=\"og:locale\" content=\"en_GB\" \/>\n<meta property=\"og:type\" content=\"article\" \/>\n<meta property=\"og:title\" content=\"Erityistoimeksiannot - Yrityskonsultit\" \/>\n<meta property=\"og:description\" content=\"Yrityskonsulttien\u00a0tilintarkastaja suorittaa tarvittaessa erityistoimeksiannot. Ota yhteytt\u00e4!\" \/>\n<meta property=\"og:url\" content=\"https:\/\/yrityskonsultit.fi\/en\/erityistoimeksiannot\/\" \/>\n<meta property=\"og:site_name\" content=\"Yrityskonsultit\" \/>\n<meta property=\"article:modified_time\" content=\"2021-11-09T07:26:44+00:00\" \/>\n<meta name=\"twitter:card\" content=\"summary_large_image\" \/>\n<script type=\"application\/ld+json\" class=\"yoast-schema-graph\">{\"@context\":\"https:\\\/\\\/schema.org\",\"@graph\":[{\"@type\":\"WebPage\",\"@id\":\"https:\\\/\\\/yrityskonsultit.fi\\\/erityistoimeksiannot\\\/\",\"url\":\"https:\\\/\\\/yrityskonsultit.fi\\\/erityistoimeksiannot\\\/\",\"name\":\"Erityistoimeksiannot - Yrityskonsultit\",\"isPartOf\":{\"@id\":\"https:\\\/\\\/yrityskonsultit.fi\\\/#website\"},\"datePublished\":\"2020-01-16T07:46:55+00:00\",\"dateModified\":\"2021-11-09T07:26:44+00:00\",\"description\":\"Yrityskonsulttien\u00a0tilintarkastaja suorittaa tarvittaessa erityistoimeksiannot. Ota yhteytt\u00e4!\",\"breadcrumb\":{\"@id\":\"https:\\\/\\\/yrityskonsultit.fi\\\/erityistoimeksiannot\\\/#breadcrumb\"},\"inLanguage\":\"en-GB\",\"potentialAction\":[{\"@type\":\"ReadAction\",\"target\":[\"https:\\\/\\\/yrityskonsultit.fi\\\/erityistoimeksiannot\\\/\"]}]},{\"@type\":\"BreadcrumbList\",\"@id\":\"https:\\\/\\\/yrityskonsultit.fi\\\/erityistoimeksiannot\\\/#breadcrumb\",\"itemListElement\":[{\"@type\":\"ListItem\",\"position\":1,\"name\":\"Home\",\"item\":\"https:\\\/\\\/yrityskonsultit.fi\\\/\"},{\"@type\":\"ListItem\",\"position\":2,\"name\":\"Erityistoimeksiannot\"}]},{\"@type\":\"WebSite\",\"@id\":\"https:\\\/\\\/yrityskonsultit.fi\\\/#website\",\"url\":\"https:\\\/\\\/yrityskonsultit.fi\\\/\",\"name\":\"Yrityskonsultit\",\"description\":\"\",\"publisher\":{\"@id\":\"https:\\\/\\\/yrityskonsultit.fi\\\/#organization\"},\"potentialAction\":[{\"@type\":\"SearchAction\",\"target\":{\"@type\":\"EntryPoint\",\"urlTemplate\":\"https:\\\/\\\/yrityskonsultit.fi\\\/?s={search_term_string}\"},\"query-input\":{\"@type\":\"PropertyValueSpecification\",\"valueRequired\":true,\"valueName\":\"search_term_string\"}}],\"inLanguage\":\"en-GB\"},{\"@type\":\"Organization\",\"@id\":\"https:\\\/\\\/yrityskonsultit.fi\\\/#organization\",\"name\":\"Yrityskonsultit\",\"url\":\"https:\\\/\\\/yrityskonsultit.fi\\\/\",\"logo\":{\"@type\":\"ImageObject\",\"inLanguage\":\"en-GB\",\"@id\":\"https:\\\/\\\/yrityskonsultit.fi\\\/#\\\/schema\\\/logo\\\/image\\\/\",\"url\":\"https:\\\/\\\/yrityskonsultit.fi\\\/wp-content\\\/uploads\\\/2021\\\/03\\\/cropped-Kopio_-Modern-Real-Estate-Logo-3.png\",\"contentUrl\":\"https:\\\/\\\/yrityskonsultit.fi\\\/wp-content\\\/uploads\\\/2021\\\/03\\\/cropped-Kopio_-Modern-Real-Estate-Logo-3.png\",\"width\":1200,\"height\":182,\"caption\":\"Yrityskonsultit\"},\"image\":{\"@id\":\"https:\\\/\\\/yrityskonsultit.fi\\\/#\\\/schema\\\/logo\\\/image\\\/\"}}]}<\/script>\n<!-- \/ Yoast SEO plugin. -->","yoast_head_json":{"title":"Erityistoimeksiannot - Yrityskonsultit","description":"Yrityskonsulttien\u00a0tilintarkastaja suorittaa tarvittaessa erityistoimeksiannot. Ota yhteytt\u00e4!","robots":{"index":"index","follow":"follow","max-snippet":"max-snippet:-1","max-image-preview":"max-image-preview:large","max-video-preview":"max-video-preview:-1"},"canonical":"https:\/\/yrityskonsultit.fi\/en\/erityistoimeksiannot\/","og_locale":"en_GB","og_type":"article","og_title":"Erityistoimeksiannot - Yrityskonsultit","og_description":"Yrityskonsulttien\u00a0tilintarkastaja suorittaa tarvittaessa erityistoimeksiannot. Ota yhteytt\u00e4!","og_url":"https:\/\/yrityskonsultit.fi\/en\/erityistoimeksiannot\/","og_site_name":"Yrityskonsultit","article_modified_time":"2021-11-09T07:26:44+00:00","twitter_card":"summary_large_image","schema":{"@context":"https:\/\/schema.org","@graph":[{"@type":"WebPage","@id":"https:\/\/yrityskonsultit.fi\/erityistoimeksiannot\/","url":"https:\/\/yrityskonsultit.fi\/erityistoimeksiannot\/","name":"Erityistoimeksiannot - Yrityskonsultit","isPartOf":{"@id":"https:\/\/yrityskonsultit.fi\/#website"},"datePublished":"2020-01-16T07:46:55+00:00","dateModified":"2021-11-09T07:26:44+00:00","description":"Yrityskonsulttien\u00a0tilintarkastaja suorittaa tarvittaessa erityistoimeksiannot. Ota yhteytt\u00e4!","breadcrumb":{"@id":"https:\/\/yrityskonsultit.fi\/erityistoimeksiannot\/#breadcrumb"},"inLanguage":"en-GB","potentialAction":[{"@type":"ReadAction","target":["https:\/\/yrityskonsultit.fi\/erityistoimeksiannot\/"]}]},{"@type":"BreadcrumbList","@id":"https:\/\/yrityskonsultit.fi\/erityistoimeksiannot\/#breadcrumb","itemListElement":[{"@type":"ListItem","position":1,"name":"Home","item":"https:\/\/yrityskonsultit.fi\/"},{"@type":"ListItem","position":2,"name":"Erityistoimeksiannot"}]},{"@type":"WebSite","@id":"https:\/\/yrityskonsultit.fi\/#website","url":"https:\/\/yrityskonsultit.fi\/","name":"Business consultants","description":"","publisher":{"@id":"https:\/\/yrityskonsultit.fi\/#organization"},"potentialAction":[{"@type":"SearchAction","target":{"@type":"EntryPoint","urlTemplate":"https:\/\/yrityskonsultit.fi\/?s={search_term_string}"},"query-input":{"@type":"PropertyValueSpecification","valueRequired":true,"valueName":"search_term_string"}}],"inLanguage":"en-GB"},{"@type":"Organization","@id":"https:\/\/yrityskonsultit.fi\/#organization","name":"Business consultants","url":"https:\/\/yrityskonsultit.fi\/","logo":{"@type":"ImageObject","inLanguage":"en-GB","@id":"https:\/\/yrityskonsultit.fi\/#\/schema\/logo\/image\/","url":"https:\/\/yrityskonsultit.fi\/wp-content\/uploads\/2021\/03\/cropped-Kopio_-Modern-Real-Estate-Logo-3.png","contentUrl":"https:\/\/yrityskonsultit.fi\/wp-content\/uploads\/2021\/03\/cropped-Kopio_-Modern-Real-Estate-Logo-3.png","width":1200,"height":182,"caption":"Yrityskonsultit"},"image":{"@id":"https:\/\/yrityskonsultit.fi\/#\/schema\/logo\/image\/"}}]}},"uagb_featured_image_src":{"full":false,"thumbnail":false,"medium":false,"medium_large":false,"large":false,"1536x1536":false,"2048x2048":false,"trp-custom-language-flag":false},"uagb_author_info":{"display_name":"admin","author_link":"https:\/\/yrityskonsultit.fi\/en\/author\/admin\/"},"uagb_comment_info":0,"uagb_excerpt":"Erityistoimeksiannot Yrityskonsulttien\u00a0tilintarkastaja suorittaa tarvittaessa my\u00f6s erityistoimeksiannot, jotka eiv\u00e4t laajuudeltaan tai varmuustasoltaan vastaa lakis\u00e4\u00e4teist\u00e4 tilintarkastusta. N\u00e4iss\u00e4 toimeksinnoissa tilintarkastaja tekee tarvittavat tarkastukset tai toimenpiteet, ja laatii niist\u00e4 raportin ainoastaan luottamuksellisesti toimeksiantajan k\u00e4ytt\u00f6\u00f6n. Erityisteht\u00e4viin kuuluu muun muassa: Yleisluonteinen tarkastus Tilinp\u00e4\u00e4t\u00f6ksen oikeellisuuden tarkastaminen ja varmistaminen Tilinp\u00e4\u00e4t\u00f6ksen taloudellisten lukujen analysointi Erityinen tarkastus Yhti\u00f6n taloudellisen tilanteen selvitt\u00e4minen (usein v\u00e4hemmist\u00f6osakkaille) Due Dilingence&hellip;","_links":{"self":[{"href":"https:\/\/yrityskonsultit.fi\/en\/wp-json\/wp\/v2\/pages\/1376","targetHints":{"allow":["GET"]}}],"collection":[{"href":"https:\/\/yrityskonsultit.fi\/en\/wp-json\/wp\/v2\/pages"}],"about":[{"href":"https:\/\/yrityskonsultit.fi\/en\/wp-json\/wp\/v2\/types\/page"}],"author":[{"embeddable":true,"href":"https:\/\/yrityskonsultit.fi\/en\/wp-json\/wp\/v2\/users\/1"}],"replies":[{"embeddable":true,"href":"https:\/\/yrityskonsultit.fi\/en\/wp-json\/wp\/v2\/comments?post=1376"}],"version-history":[{"count":16,"href":"https:\/\/yrityskonsultit.fi\/en\/wp-json\/wp\/v2\/pages\/1376\/revisions"}],"predecessor-version":[{"id":1828,"href":"https:\/\/yrityskonsultit.fi\/en\/wp-json\/wp\/v2\/pages\/1376\/revisions\/1828"}],"wp:attachment":[{"href":"https:\/\/yrityskonsultit.fi\/en\/wp-json\/wp\/v2\/media?parent=1376"}],"curies":[{"name":"wp","href":"https:\/\/api.w.org\/{rel}","templated":true}]}}