{"id":1379,"date":"2020-01-16T07:48:18","date_gmt":"2020-01-16T07:48:18","guid":{"rendered":"http:\/\/yrityskonsultit.fi\/?page_id=1379"},"modified":"2021-11-09T07:35:59","modified_gmt":"2021-11-09T07:35:59","slug":"lausunnot-ja-todistukset","status":"publish","type":"page","link":"https:\/\/yrityskonsultit.fi\/en\/lausunnot-ja-todistukset\/","title":{"rendered":"Statements and certificates"},"content":{"rendered":"<div data-elementor-type=\"wp-page\" data-elementor-id=\"1379\" class=\"elementor elementor-1379\">\n\t\t\t\t\t\t<section class=\"elementor-section elementor-top-section elementor-element elementor-element-f7bdca1 elementor-section-stretched elementor-section-height-full elementor-section-boxed elementor-section-height-default elementor-section-items-middle\" data-id=\"f7bdca1\" data-element_type=\"section\" data-e-type=\"section\" data-settings=\"{&quot;stretch_section&quot;:&quot;section-stretched&quot;,&quot;background_background&quot;:&quot;classic&quot;}\">\n\t\t\t\t\t\t\t<div class=\"elementor-background-overlay\"><\/div>\n\t\t\t\t\t\t\t<div class=\"elementor-container elementor-column-gap-default\">\n\t\t\t\t\t<div class=\"elementor-column elementor-col-100 elementor-top-column elementor-element elementor-element-b556a56\" data-id=\"b556a56\" data-element_type=\"column\" data-e-type=\"column\">\n\t\t\t<div class=\"elementor-widget-wrap elementor-element-populated\">\n\t\t\t\t\t\t<div class=\"elementor-element elementor-element-7669ac6 elementor-widget elementor-widget-heading\" data-id=\"7669ac6\" data-element_type=\"widget\" data-e-type=\"widget\" data-widget_type=\"heading.default\">\n\t\t\t\t<div class=\"elementor-widget-container\">\n\t\t\t\t\t<h1 class=\"elementor-heading-title elementor-size-default\">Statements and certificates<\/h1>\t\t\t\t<\/div>\n\t\t\t\t<\/div>\n\t\t\t\t\t<\/div>\n\t\t<\/div>\n\t\t\t\t\t<\/div>\n\t\t<\/section>\n\t\t\t\t<section class=\"elementor-section elementor-top-section elementor-element elementor-element-45817ea elementor-section-boxed elementor-section-height-default elementor-section-height-default\" data-id=\"45817ea\" data-element_type=\"section\" data-e-type=\"section\">\n\t\t\t\t\t\t<div class=\"elementor-container elementor-column-gap-default\">\n\t\t\t\t\t<div class=\"elementor-column elementor-col-100 elementor-top-column elementor-element elementor-element-ced7caf\" data-id=\"ced7caf\" data-element_type=\"column\" data-e-type=\"column\">\n\t\t\t<div class=\"elementor-widget-wrap elementor-element-populated\">\n\t\t\t\t\t\t<div class=\"elementor-element elementor-element-4624079 elementor-widget elementor-widget-spacer\" data-id=\"4624079\" data-element_type=\"widget\" data-e-type=\"widget\" data-widget_type=\"spacer.default\">\n\t\t\t\t<div class=\"elementor-widget-container\">\n\t\t\t\t\t\t\t<div class=\"elementor-spacer\">\n\t\t\t<div class=\"elementor-spacer-inner\"><\/div>\n\t\t<\/div>\n\t\t\t\t\t\t<\/div>\n\t\t\t\t<\/div>\n\t\t\t\t\t<\/div>\n\t\t<\/div>\n\t\t\t\t\t<\/div>\n\t\t<\/section>\n\t\t\t\t<section class=\"elementor-section elementor-top-section elementor-element elementor-element-dedd58c elementor-section-boxed elementor-section-height-default elementor-section-height-default\" data-id=\"dedd58c\" data-element_type=\"section\" data-e-type=\"section\">\n\t\t\t\t\t\t<div class=\"elementor-container elementor-column-gap-default\">\n\t\t\t\t\t<div class=\"elementor-column elementor-col-100 elementor-top-column elementor-element elementor-element-d37b03e\" data-id=\"d37b03e\" data-element_type=\"column\" data-e-type=\"column\">\n\t\t\t<div class=\"elementor-widget-wrap elementor-element-populated\">\n\t\t\t\t\t\t<div class=\"elementor-element elementor-element-7e9d06e elementor-widget elementor-widget-text-editor\" data-id=\"7e9d06e\" data-element_type=\"widget\" data-e-type=\"widget\" data-widget_type=\"text-editor.default\">\n\t\t\t\t<div class=\"elementor-widget-container\">\n\t\t\t\t\t\t\t\t\t<p>In addition to auditing, the statutory auditor's duties also include other engagements that require expert opinions, such as statements and certificates.<\/p>\t\t\t\t\t\t\t\t<\/div>\n\t\t\t\t<\/div>\n\t\t\t\t\t<\/div>\n\t\t<\/div>\n\t\t\t\t\t<\/div>\n\t\t<\/section>\n\t\t\t\t<section class=\"elementor-section elementor-top-section elementor-element elementor-element-09f3295 elementor-section-boxed elementor-section-height-default elementor-section-height-default\" data-id=\"09f3295\" data-element_type=\"section\" data-e-type=\"section\">\n\t\t\t\t\t\t<div class=\"elementor-container elementor-column-gap-default\">\n\t\t\t\t\t<div class=\"elementor-column elementor-col-100 elementor-top-column elementor-element elementor-element-a93a8cf\" data-id=\"a93a8cf\" data-element_type=\"column\" data-e-type=\"column\">\n\t\t\t<div class=\"elementor-widget-wrap elementor-element-populated\">\n\t\t\t\t\t\t<div class=\"elementor-element elementor-element-6b72ad9 elementor-widget elementor-widget-heading\" data-id=\"6b72ad9\" data-element_type=\"widget\" data-e-type=\"widget\" data-widget_type=\"heading.default\">\n\t\t\t\t<div class=\"elementor-widget-container\">\n\t\t\t\t\t<h4 class=\"elementor-heading-title elementor-size-default\">Our services include:<\/h4>\t\t\t\t<\/div>\n\t\t\t\t<\/div>\n\t\t\t\t\t<\/div>\n\t\t<\/div>\n\t\t\t\t\t<\/div>\n\t\t<\/section>\n\t\t\t\t<section class=\"elementor-section elementor-top-section elementor-element elementor-element-6ccca9f elementor-section-boxed elementor-section-height-default elementor-section-height-default\" data-id=\"6ccca9f\" data-element_type=\"section\" data-e-type=\"section\">\n\t\t\t\t\t\t<div class=\"elementor-container elementor-column-gap-default\">\n\t\t\t\t\t<div class=\"elementor-column elementor-col-100 elementor-top-column elementor-element elementor-element-3009223\" data-id=\"3009223\" data-element_type=\"column\" data-e-type=\"column\">\n\t\t\t<div class=\"elementor-widget-wrap elementor-element-populated\">\n\t\t\t\t\t\t<div class=\"elementor-element elementor-element-8b48e6f elementor-icon-list--layout-traditional elementor-list-item-link-full_width elementor-widget elementor-widget-icon-list\" data-id=\"8b48e6f\" data-element_type=\"widget\" data-e-type=\"widget\" data-widget_type=\"icon-list.default\">\n\t\t\t\t<div class=\"elementor-widget-container\">\n\t\t\t\t\t\t\t<ul class=\"elementor-icon-list-items\">\n\t\t\t\t\t\t\t<li class=\"elementor-icon-list-item\">\n\t\t\t\t\t\t\t\t\t\t\t<span class=\"elementor-icon-list-icon\">\n\t\t\t\t\t\t\t<i aria-hidden=\"true\" class=\"fas fa-check\"><\/i>\t\t\t\t\t\t<\/span>\n\t\t\t\t\t\t\t\t\t\t<span class=\"elementor-icon-list-text\">Merger \/ division plan statements<\/span>\n\t\t\t\t\t\t\t\t\t<\/li>\n\t\t\t\t\t\t\t\t<li class=\"elementor-icon-list-item\">\n\t\t\t\t\t\t\t\t\t\t\t<span class=\"elementor-icon-list-icon\">\n\t\t\t\t\t\t\t<i aria-hidden=\"true\" class=\"fas fa-check\"><\/i>\t\t\t\t\t\t<\/span>\n\t\t\t\t\t\t\t\t\t\t<span class=\"elementor-icon-list-text\">Statements in connection with the payment of share capital<\/span>\n\t\t\t\t\t\t\t\t\t<\/li>\n\t\t\t\t\t\t\t\t<li class=\"elementor-icon-list-item\">\n\t\t\t\t\t\t\t\t\t\t\t<span class=\"elementor-icon-list-icon\">\n\t\t\t\t\t\t\t<i aria-hidden=\"true\" class=\"fas fa-check\"><\/i>\t\t\t\t\t\t<\/span>\n\t\t\t\t\t\t\t\t\t\t<span class=\"elementor-icon-list-text\">Other statements in accordance with the Companies Act<\/span>\n\t\t\t\t\t\t\t\t\t<\/li>\n\t\t\t\t\t\t\t\t<li class=\"elementor-icon-list-item\">\n\t\t\t\t\t\t\t\t\t\t\t<span class=\"elementor-icon-list-icon\">\n\t\t\t\t\t\t\t<i aria-hidden=\"true\" class=\"fas fa-check\"><\/i>\t\t\t\t\t\t<\/span>\n\t\t\t\t\t\t\t\t\t\t<span class=\"elementor-icon-list-text\">Determining the debtor 's financial situation<\/span>\n\t\t\t\t\t\t\t\t\t<\/li>\n\t\t\t\t\t\t\t\t<li class=\"elementor-icon-list-item\">\n\t\t\t\t\t\t\t\t\t\t\t<span class=\"elementor-icon-list-icon\">\n\t\t\t\t\t\t\t<i aria-hidden=\"true\" class=\"fas fa-check\"><\/i>\t\t\t\t\t\t<\/span>\n\t\t\t\t\t\t\t\t\t\t<span class=\"elementor-icon-list-text\">Opinion on non-cash assets<\/span>\n\t\t\t\t\t\t\t\t\t<\/li>\n\t\t\t\t\t\t\t\t<li class=\"elementor-icon-list-item\">\n\t\t\t\t\t\t\t\t\t\t\t<span class=\"elementor-icon-list-icon\">\n\t\t\t\t\t\t\t<i aria-hidden=\"true\" class=\"fas fa-check\"><\/i>\t\t\t\t\t\t<\/span>\n\t\t\t\t\t\t\t\t\t\t<span class=\"elementor-icon-list-text\">Certificates related to the financial arrangement<\/span>\n\t\t\t\t\t\t\t\t\t<\/li>\n\t\t\t\t\t\t\t\t<li class=\"elementor-icon-list-item\">\n\t\t\t\t\t\t\t\t\t\t\t<span class=\"elementor-icon-list-icon\">\n\t\t\t\t\t\t\t<i aria-hidden=\"true\" class=\"fas fa-check\"><\/i>\t\t\t\t\t\t<\/span>\n\t\t\t\t\t\t\t\t\t\t<span class=\"elementor-icon-list-text\">Statements on winding up \/ resumption of operations<\/span>\n\t\t\t\t\t\t\t\t\t<\/li>\n\t\t\t\t\t\t\t\t<li class=\"elementor-icon-list-item\">\n\t\t\t\t\t\t\t\t\t\t\t<span class=\"elementor-icon-list-icon\">\n\t\t\t\t\t\t\t<i aria-hidden=\"true\" class=\"fas fa-check\"><\/i>\t\t\t\t\t\t<\/span>\n\t\t\t\t\t\t\t\t\t\t<span class=\"elementor-icon-list-text\">Statements on the financial resources of license holders<\/span>\n\t\t\t\t\t\t\t\t\t<\/li>\n\t\t\t\t\t\t\t\t<li class=\"elementor-icon-list-item\">\n\t\t\t\t\t\t\t\t\t\t\t<span class=\"elementor-icon-list-icon\">\n\t\t\t\t\t\t\t<i aria-hidden=\"true\" class=\"fas fa-check\"><\/i>\t\t\t\t\t\t<\/span>\n\t\t\t\t\t\t\t\t\t\t<span class=\"elementor-icon-list-text\">Other statements and certificates based on law and regulations<\/span>\n\t\t\t\t\t\t\t\t\t<\/li>\n\t\t\t\t\t\t<\/ul>\n\t\t\t\t\t\t<\/div>\n\t\t\t\t<\/div>\n\t\t\t\t\t<\/div>\n\t\t<\/div>\n\t\t\t\t\t<\/div>\n\t\t<\/section>\n\t\t\t\t<section class=\"elementor-section elementor-top-section elementor-element elementor-element-838818b elementor-section-boxed elementor-section-height-default elementor-section-height-default\" data-id=\"838818b\" data-element_type=\"section\" data-e-type=\"section\">\n\t\t\t\t\t\t<div class=\"elementor-container elementor-column-gap-default\">\n\t\t\t\t\t<div class=\"elementor-column elementor-col-100 elementor-top-column elementor-element elementor-element-b6d8e43\" data-id=\"b6d8e43\" data-element_type=\"column\" data-e-type=\"column\">\n\t\t\t<div class=\"elementor-widget-wrap elementor-element-populated\">\n\t\t\t\t\t\t<div class=\"elementor-element elementor-element-3a90741 elementor-align-center elementor-widget elementor-widget-button\" data-id=\"3a90741\" data-element_type=\"widget\" data-e-type=\"widget\" data-widget_type=\"button.default\">\n\t\t\t\t<div class=\"elementor-widget-container\">\n\t\t\t\t\t\t\t\t\t<div class=\"elementor-button-wrapper\">\n\t\t\t\t\t<a class=\"elementor-button elementor-button-link elementor-size-md\" href=\"\">\n\t\t\t\t\t\t<span class=\"elementor-button-content-wrapper\">\n\t\t\t\t\t\t<span class=\"elementor-button-icon\">\n\t\t\t\t<i aria-hidden=\"true\" class=\"fas fa-arrow-right\"><\/i>\t\t\t<\/span>\n\t\t\t\t\t\t\t\t\t<span class=\"elementor-button-text\">CONTACT<\/span>\n\t\t\t\t\t<\/span>\n\t\t\t\t\t<\/a>\n\t\t\t\t<\/div>\n\t\t\t\t\t\t\t\t<\/div>\n\t\t\t\t<\/div>\n\t\t\t\t<div class=\"elementor-element elementor-element-dd3194a elementor-widget elementor-widget-spacer\" data-id=\"dd3194a\" data-element_type=\"widget\" data-e-type=\"widget\" data-widget_type=\"spacer.default\">\n\t\t\t\t<div class=\"elementor-widget-container\">\n\t\t\t\t\t\t\t<div class=\"elementor-spacer\">\n\t\t\t<div class=\"elementor-spacer-inner\"><\/div>\n\t\t<\/div>\n\t\t\t\t\t\t<\/div>\n\t\t\t\t<\/div>\n\t\t\t\t\t<\/div>\n\t\t<\/div>\n\t\t\t\t\t<\/div>\n\t\t<\/section>\n\t\t\t\t<\/div>","protected":false},"excerpt":{"rendered":"<p>Lausunnot ja todistukset Lakis\u00e4\u00e4teisiin tilintarkastajan teht\u00e4viin kuulu tilintarkastuksen lis\u00e4ksi my\u00f6s muut asiantuntijalausuntoja vaativat toimeksiannot, kuten lausunnot ja todistukset. Palvelutarjontaamme kuuluu muun muassa: Sulautumis- \/ jakautumissuunnitelman lausunnot Lausunnot osakep\u00e4\u00e4oman maksun yhteydess\u00e4 Muut osakeyhti\u00f6lain mukaiset lausunnot Velallisen taloudellisen tilanteen selvitt\u00e4minen Lausunto apporttiomaisuudesta Rahoitusj\u00e4rjestelyyn liittyv\u00e4t todistukset Lausunnot selvitystilan lopettamisesta \/ toiminnan jatkamisesta Lausunnot liikennelupien haltijoiden taloudellisista voimavaroista Muut [&hellip;]<\/p>\n","protected":false},"author":1,"featured_media":0,"parent":0,"menu_order":0,"comment_status":"closed","ping_status":"closed","template":"","meta":{"_uag_custom_page_level_css":"","_monsterinsights_skip_tracking":false,"_monsterinsights_sitenote_active":false,"_monsterinsights_sitenote_note":"","_monsterinsights_sitenote_category":0,"site-sidebar-layout":"no-sidebar","site-content-layout":"page-builder","ast-site-content-layout":"default","site-content-style":"default","site-sidebar-style":"default","ast-global-header-display":"","ast-banner-title-visibility":"","ast-main-header-display":"","ast-hfb-above-header-display":"","ast-hfb-below-header-display":"","ast-hfb-mobile-header-display":"","site-post-title":"disabled","ast-breadcrumbs-content":"","ast-featured-img":"disabled","footer-sml-layout":"","ast-disable-related-posts":"","theme-transparent-header-meta":"enabled","adv-header-id-meta":"","stick-header-meta":"","header-above-stick-meta":"","header-main-stick-meta":"","header-below-stick-meta":"","astra-migrate-meta-layouts":"default","ast-page-background-enabled":"default","ast-page-background-meta":{"desktop":{"background-color":"","background-image":"","background-repeat":"repeat","background-position":"center center","background-size":"auto","background-attachment":"scroll","background-type":"","background-media":"","overlay-type":"","overlay-color":"","overlay-opacity":"","overlay-gradient":""},"tablet":{"background-color":"","background-image":"","background-repeat":"repeat","background-position":"center center","background-size":"auto","background-attachment":"scroll","background-type":"","background-media":"","overlay-type":"","overlay-color":"","overlay-opacity":"","overlay-gradient":""},"mobile":{"background-color":"","background-image":"","background-repeat":"repeat","background-position":"center center","background-size":"auto","background-attachment":"scroll","background-type":"","background-media":"","overlay-type":"","overlay-color":"","overlay-opacity":"","overlay-gradient":""}},"ast-content-background-meta":{"desktop":{"background-color":"var(--ast-global-color-5)","background-image":"","background-repeat":"repeat","background-position":"center center","background-size":"auto","background-attachment":"scroll","background-type":"","background-media":"","overlay-type":"","overlay-color":"","overlay-opacity":"","overlay-gradient":""},"tablet":{"background-color":"var(--ast-global-color-5)","background-image":"","background-repeat":"repeat","background-position":"center center","background-size":"auto","background-attachment":"scroll","background-type":"","background-media":"","overlay-type":"","overlay-color":"","overlay-opacity":"","overlay-gradient":""},"mobile":{"background-color":"var(--ast-global-color-5)","background-image":"","background-repeat":"repeat","background-position":"center center","background-size":"auto","background-attachment":"scroll","background-type":"","background-media":"","overlay-type":"","overlay-color":"","overlay-opacity":"","overlay-gradient":""}},"footnotes":""},"class_list":["post-1379","page","type-page","status-publish","hentry"],"yoast_head":"<!-- This site is optimized with the Yoast SEO plugin v27.3 - https:\/\/yoast.com\/product\/yoast-seo-wordpress\/ -->\n<title>Lausunnot ja todistukset - Yrityskonsultit<\/title>\n<meta name=\"description\" content=\"Tilintarkastajiemme teht\u00e4viin kuulu tilintarkastuksen lis\u00e4ksi my\u00f6s muut asiantuntijalausuntoja vaativat toimeksiannot, kuten lausunnot ja toditukset.\" \/>\n<meta name=\"robots\" content=\"index, follow, max-snippet:-1, max-image-preview:large, max-video-preview:-1\" \/>\n<link rel=\"canonical\" href=\"https:\/\/yrityskonsultit.fi\/en\/lausunnot-ja-todistukset\/\" \/>\n<meta property=\"og:locale\" content=\"en_GB\" \/>\n<meta property=\"og:type\" content=\"article\" \/>\n<meta property=\"og:title\" content=\"Lausunnot ja todistukset - Yrityskonsultit\" \/>\n<meta property=\"og:description\" content=\"Tilintarkastajiemme teht\u00e4viin kuulu tilintarkastuksen lis\u00e4ksi my\u00f6s muut asiantuntijalausuntoja vaativat toimeksiannot, kuten lausunnot ja toditukset.\" \/>\n<meta property=\"og:url\" content=\"https:\/\/yrityskonsultit.fi\/en\/lausunnot-ja-todistukset\/\" \/>\n<meta property=\"og:site_name\" content=\"Yrityskonsultit\" \/>\n<meta property=\"article:modified_time\" content=\"2021-11-09T07:35:59+00:00\" \/>\n<meta name=\"twitter:card\" content=\"summary_large_image\" \/>\n<script type=\"application\/ld+json\" class=\"yoast-schema-graph\">{\"@context\":\"https:\\\/\\\/schema.org\",\"@graph\":[{\"@type\":\"WebPage\",\"@id\":\"https:\\\/\\\/yrityskonsultit.fi\\\/lausunnot-ja-todistukset\\\/\",\"url\":\"https:\\\/\\\/yrityskonsultit.fi\\\/lausunnot-ja-todistukset\\\/\",\"name\":\"Lausunnot ja todistukset - Yrityskonsultit\",\"isPartOf\":{\"@id\":\"https:\\\/\\\/yrityskonsultit.fi\\\/#website\"},\"datePublished\":\"2020-01-16T07:48:18+00:00\",\"dateModified\":\"2021-11-09T07:35:59+00:00\",\"description\":\"Tilintarkastajiemme teht\u00e4viin kuulu tilintarkastuksen lis\u00e4ksi my\u00f6s muut asiantuntijalausuntoja vaativat toimeksiannot, kuten lausunnot ja toditukset.\",\"breadcrumb\":{\"@id\":\"https:\\\/\\\/yrityskonsultit.fi\\\/lausunnot-ja-todistukset\\\/#breadcrumb\"},\"inLanguage\":\"en-GB\",\"potentialAction\":[{\"@type\":\"ReadAction\",\"target\":[\"https:\\\/\\\/yrityskonsultit.fi\\\/lausunnot-ja-todistukset\\\/\"]}]},{\"@type\":\"BreadcrumbList\",\"@id\":\"https:\\\/\\\/yrityskonsultit.fi\\\/lausunnot-ja-todistukset\\\/#breadcrumb\",\"itemListElement\":[{\"@type\":\"ListItem\",\"position\":1,\"name\":\"Home\",\"item\":\"https:\\\/\\\/yrityskonsultit.fi\\\/\"},{\"@type\":\"ListItem\",\"position\":2,\"name\":\"Lausunnot ja todistukset\"}]},{\"@type\":\"WebSite\",\"@id\":\"https:\\\/\\\/yrityskonsultit.fi\\\/#website\",\"url\":\"https:\\\/\\\/yrityskonsultit.fi\\\/\",\"name\":\"Yrityskonsultit\",\"description\":\"\",\"publisher\":{\"@id\":\"https:\\\/\\\/yrityskonsultit.fi\\\/#organization\"},\"potentialAction\":[{\"@type\":\"SearchAction\",\"target\":{\"@type\":\"EntryPoint\",\"urlTemplate\":\"https:\\\/\\\/yrityskonsultit.fi\\\/?s={search_term_string}\"},\"query-input\":{\"@type\":\"PropertyValueSpecification\",\"valueRequired\":true,\"valueName\":\"search_term_string\"}}],\"inLanguage\":\"en-GB\"},{\"@type\":\"Organization\",\"@id\":\"https:\\\/\\\/yrityskonsultit.fi\\\/#organization\",\"name\":\"Yrityskonsultit\",\"url\":\"https:\\\/\\\/yrityskonsultit.fi\\\/\",\"logo\":{\"@type\":\"ImageObject\",\"inLanguage\":\"en-GB\",\"@id\":\"https:\\\/\\\/yrityskonsultit.fi\\\/#\\\/schema\\\/logo\\\/image\\\/\",\"url\":\"https:\\\/\\\/yrityskonsultit.fi\\\/wp-content\\\/uploads\\\/2021\\\/03\\\/cropped-Kopio_-Modern-Real-Estate-Logo-3.png\",\"contentUrl\":\"https:\\\/\\\/yrityskonsultit.fi\\\/wp-content\\\/uploads\\\/2021\\\/03\\\/cropped-Kopio_-Modern-Real-Estate-Logo-3.png\",\"width\":1200,\"height\":182,\"caption\":\"Yrityskonsultit\"},\"image\":{\"@id\":\"https:\\\/\\\/yrityskonsultit.fi\\\/#\\\/schema\\\/logo\\\/image\\\/\"}}]}<\/script>\n<!-- \/ Yoast SEO plugin. -->","yoast_head_json":{"title":"Lausunnot ja todistukset - Yrityskonsultit","description":"Tilintarkastajiemme teht\u00e4viin kuulu tilintarkastuksen lis\u00e4ksi my\u00f6s muut asiantuntijalausuntoja vaativat toimeksiannot, kuten lausunnot ja toditukset.","robots":{"index":"index","follow":"follow","max-snippet":"max-snippet:-1","max-image-preview":"max-image-preview:large","max-video-preview":"max-video-preview:-1"},"canonical":"https:\/\/yrityskonsultit.fi\/en\/lausunnot-ja-todistukset\/","og_locale":"en_GB","og_type":"article","og_title":"Lausunnot ja todistukset - Yrityskonsultit","og_description":"Tilintarkastajiemme teht\u00e4viin kuulu tilintarkastuksen lis\u00e4ksi my\u00f6s muut asiantuntijalausuntoja vaativat toimeksiannot, kuten lausunnot ja toditukset.","og_url":"https:\/\/yrityskonsultit.fi\/en\/lausunnot-ja-todistukset\/","og_site_name":"Yrityskonsultit","article_modified_time":"2021-11-09T07:35:59+00:00","twitter_card":"summary_large_image","schema":{"@context":"https:\/\/schema.org","@graph":[{"@type":"WebPage","@id":"https:\/\/yrityskonsultit.fi\/lausunnot-ja-todistukset\/","url":"https:\/\/yrityskonsultit.fi\/lausunnot-ja-todistukset\/","name":"Lausunnot ja todistukset - Yrityskonsultit","isPartOf":{"@id":"https:\/\/yrityskonsultit.fi\/#website"},"datePublished":"2020-01-16T07:48:18+00:00","dateModified":"2021-11-09T07:35:59+00:00","description":"Tilintarkastajiemme teht\u00e4viin kuulu tilintarkastuksen lis\u00e4ksi my\u00f6s muut asiantuntijalausuntoja vaativat toimeksiannot, kuten lausunnot ja toditukset.","breadcrumb":{"@id":"https:\/\/yrityskonsultit.fi\/lausunnot-ja-todistukset\/#breadcrumb"},"inLanguage":"en-GB","potentialAction":[{"@type":"ReadAction","target":["https:\/\/yrityskonsultit.fi\/lausunnot-ja-todistukset\/"]}]},{"@type":"BreadcrumbList","@id":"https:\/\/yrityskonsultit.fi\/lausunnot-ja-todistukset\/#breadcrumb","itemListElement":[{"@type":"ListItem","position":1,"name":"Home","item":"https:\/\/yrityskonsultit.fi\/"},{"@type":"ListItem","position":2,"name":"Lausunnot ja todistukset"}]},{"@type":"WebSite","@id":"https:\/\/yrityskonsultit.fi\/#website","url":"https:\/\/yrityskonsultit.fi\/","name":"Business consultants","description":"","publisher":{"@id":"https:\/\/yrityskonsultit.fi\/#organization"},"potentialAction":[{"@type":"SearchAction","target":{"@type":"EntryPoint","urlTemplate":"https:\/\/yrityskonsultit.fi\/?s={search_term_string}"},"query-input":{"@type":"PropertyValueSpecification","valueRequired":true,"valueName":"search_term_string"}}],"inLanguage":"en-GB"},{"@type":"Organization","@id":"https:\/\/yrityskonsultit.fi\/#organization","name":"Business consultants","url":"https:\/\/yrityskonsultit.fi\/","logo":{"@type":"ImageObject","inLanguage":"en-GB","@id":"https:\/\/yrityskonsultit.fi\/#\/schema\/logo\/image\/","url":"https:\/\/yrityskonsultit.fi\/wp-content\/uploads\/2021\/03\/cropped-Kopio_-Modern-Real-Estate-Logo-3.png","contentUrl":"https:\/\/yrityskonsultit.fi\/wp-content\/uploads\/2021\/03\/cropped-Kopio_-Modern-Real-Estate-Logo-3.png","width":1200,"height":182,"caption":"Yrityskonsultit"},"image":{"@id":"https:\/\/yrityskonsultit.fi\/#\/schema\/logo\/image\/"}}]}},"uagb_featured_image_src":{"full":false,"thumbnail":false,"medium":false,"medium_large":false,"large":false,"1536x1536":false,"2048x2048":false,"trp-custom-language-flag":false},"uagb_author_info":{"display_name":"admin","author_link":"https:\/\/yrityskonsultit.fi\/en\/author\/admin\/"},"uagb_comment_info":0,"uagb_excerpt":"Lausunnot ja todistukset Lakis\u00e4\u00e4teisiin tilintarkastajan teht\u00e4viin kuulu tilintarkastuksen lis\u00e4ksi my\u00f6s muut asiantuntijalausuntoja vaativat toimeksiannot, kuten lausunnot ja todistukset. Palvelutarjontaamme kuuluu muun muassa: Sulautumis- \/ jakautumissuunnitelman lausunnot Lausunnot osakep\u00e4\u00e4oman maksun yhteydess\u00e4 Muut osakeyhti\u00f6lain mukaiset lausunnot Velallisen taloudellisen tilanteen selvitt\u00e4minen Lausunto apporttiomaisuudesta Rahoitusj\u00e4rjestelyyn liittyv\u00e4t todistukset Lausunnot selvitystilan lopettamisesta \/ toiminnan jatkamisesta Lausunnot liikennelupien haltijoiden taloudellisista voimavaroista Muut&hellip;","_links":{"self":[{"href":"https:\/\/yrityskonsultit.fi\/en\/wp-json\/wp\/v2\/pages\/1379","targetHints":{"allow":["GET"]}}],"collection":[{"href":"https:\/\/yrityskonsultit.fi\/en\/wp-json\/wp\/v2\/pages"}],"about":[{"href":"https:\/\/yrityskonsultit.fi\/en\/wp-json\/wp\/v2\/types\/page"}],"author":[{"embeddable":true,"href":"https:\/\/yrityskonsultit.fi\/en\/wp-json\/wp\/v2\/users\/1"}],"replies":[{"embeddable":true,"href":"https:\/\/yrityskonsultit.fi\/en\/wp-json\/wp\/v2\/comments?post=1379"}],"version-history":[{"count":14,"href":"https:\/\/yrityskonsultit.fi\/en\/wp-json\/wp\/v2\/pages\/1379\/revisions"}],"predecessor-version":[{"id":1783,"href":"https:\/\/yrityskonsultit.fi\/en\/wp-json\/wp\/v2\/pages\/1379\/revisions\/1783"}],"wp:attachment":[{"href":"https:\/\/yrityskonsultit.fi\/en\/wp-json\/wp\/v2\/media?parent=1379"}],"curies":[{"name":"wp","href":"https:\/\/api.w.org\/{rel}","templated":true}]}}