{"id":1622,"date":"2020-06-16T11:54:47","date_gmt":"2020-06-16T11:54:47","guid":{"rendered":"https:\/\/yrityskonsultit.fi\/?page_id=1622"},"modified":"2022-06-21T09:04:22","modified_gmt":"2022-06-21T09:04:22","slug":"myytavat-yritykset","status":"publish","type":"page","link":"https:\/\/yrityskonsultit.fi\/en\/myytavat-yritykset\/","title":{"rendered":"Companies for sale"},"content":{"rendered":"<div data-elementor-type=\"wp-page\" data-elementor-id=\"1622\" class=\"elementor elementor-1622\">\n\t\t\t\t\t\t<section class=\"elementor-section elementor-top-section elementor-element elementor-element-0a37444 elementor-section-stretched elementor-section-height-full elementor-section-boxed elementor-section-height-default elementor-section-items-middle\" data-id=\"0a37444\" data-element_type=\"section\" data-e-type=\"section\" data-settings=\"{&quot;stretch_section&quot;:&quot;section-stretched&quot;,&quot;background_background&quot;:&quot;classic&quot;}\">\n\t\t\t\t\t\t\t<div class=\"elementor-background-overlay\"><\/div>\n\t\t\t\t\t\t\t<div class=\"elementor-container elementor-column-gap-default\">\n\t\t\t\t\t<div class=\"elementor-column elementor-col-100 elementor-top-column elementor-element elementor-element-a31b660\" data-id=\"a31b660\" data-element_type=\"column\" data-e-type=\"column\">\n\t\t\t<div class=\"elementor-widget-wrap elementor-element-populated\">\n\t\t\t\t\t\t<div class=\"elementor-element elementor-element-075ab35 elementor-widget elementor-widget-heading\" data-id=\"075ab35\" data-element_type=\"widget\" data-e-type=\"widget\" data-widget_type=\"heading.default\">\n\t\t\t\t<div class=\"elementor-widget-container\">\n\t\t\t\t\t<h1 class=\"elementor-heading-title elementor-size-default\">Companies for sale<\/h1>\t\t\t\t<\/div>\n\t\t\t\t<\/div>\n\t\t\t\t\t<\/div>\n\t\t<\/div>\n\t\t\t\t\t<\/div>\n\t\t<\/section>\n\t\t\t\t<section class=\"elementor-section elementor-top-section elementor-element elementor-element-f3840d0 elementor-section-boxed elementor-section-height-default elementor-section-height-default\" data-id=\"f3840d0\" data-element_type=\"section\" data-e-type=\"section\">\n\t\t\t\t\t\t<div class=\"elementor-container elementor-column-gap-default\">\n\t\t\t\t\t<div class=\"elementor-column elementor-col-100 elementor-top-column elementor-element elementor-element-f186d86\" data-id=\"f186d86\" data-element_type=\"column\" data-e-type=\"column\">\n\t\t\t<div class=\"elementor-widget-wrap elementor-element-populated\">\n\t\t\t\t\t\t<div class=\"elementor-element elementor-element-a356f1e elementor-widget elementor-widget-spacer\" data-id=\"a356f1e\" data-element_type=\"widget\" data-e-type=\"widget\" data-widget_type=\"spacer.default\">\n\t\t\t\t<div class=\"elementor-widget-container\">\n\t\t\t\t\t\t\t<div class=\"elementor-spacer\">\n\t\t\t<div class=\"elementor-spacer-inner\"><\/div>\n\t\t<\/div>\n\t\t\t\t\t\t<\/div>\n\t\t\t\t<\/div>\n\t\t\t\t\t<\/div>\n\t\t<\/div>\n\t\t\t\t\t<\/div>\n\t\t<\/section>\n\t\t\t\t<section class=\"elementor-section elementor-top-section elementor-element elementor-element-fd29589 elementor-section-boxed elementor-section-height-default elementor-section-height-default\" data-id=\"fd29589\" data-element_type=\"section\" data-e-type=\"section\">\n\t\t\t\t\t\t<div class=\"elementor-container elementor-column-gap-default\">\n\t\t\t\t\t<div class=\"elementor-column elementor-col-33 elementor-top-column elementor-element elementor-element-f19a360\" data-id=\"f19a360\" data-element_type=\"column\" data-e-type=\"column\">\n\t\t\t<div class=\"elementor-widget-wrap elementor-element-populated\">\n\t\t\t\t\t\t<div class=\"elementor-element elementor-element-88d8864 elementor-view-default elementor-position-block-start elementor-mobile-position-block-start elementor-widget elementor-widget-icon-box\" data-id=\"88d8864\" data-element_type=\"widget\" data-e-type=\"widget\" data-widget_type=\"icon-box.default\">\n\t\t\t\t<div class=\"elementor-widget-container\">\n\t\t\t\t\t\t\t<div class=\"elementor-icon-box-wrapper\">\n\n\t\t\t\t\t\t<div class=\"elementor-icon-box-icon\">\n\t\t\t\t<span  class=\"elementor-icon\">\n\t\t\t\t<i aria-hidden=\"true\" class=\"far fa-building\"><\/i>\t\t\t\t<\/span>\n\t\t\t<\/div>\n\t\t\t\n\t\t\t\t\t\t<div class=\"elementor-icon-box-content\">\n\n\t\t\t\t\t\t\t\t\t<h3 class=\"elementor-icon-box-title\">\n\t\t\t\t\t\t<span  >\n\t\t\t\t\t\t\tCOMPANY 1\t\t\t\t\t\t<\/span>\n\t\t\t\t\t<\/h3>\n\t\t\t\t\n\t\t\t\t\t\t\t\t\t<p class=\"elementor-icon-box-description\">\n\t\t\t\t\t\t\u00bb In the Prepayment Register<\/br>\n\u00bb In the VAT register<\/br>\n<\/ul>\n<strong>3200 \u20ac<\/strong>\t\t\t\t\t<\/p>\n\t\t\t\t\n\t\t\t<\/div>\n\t\t\t\n\t\t<\/div>\n\t\t\t\t\t\t<\/div>\n\t\t\t\t<\/div>\n\t\t\t\t\t<\/div>\n\t\t<\/div>\n\t\t\t\t<div class=\"elementor-column elementor-col-33 elementor-top-column elementor-element elementor-element-6dd14cc\" data-id=\"6dd14cc\" data-element_type=\"column\" data-e-type=\"column\">\n\t\t\t<div class=\"elementor-widget-wrap elementor-element-populated\">\n\t\t\t\t\t\t<div class=\"elementor-element elementor-element-1698794 elementor-view-default elementor-position-block-start elementor-mobile-position-block-start elementor-widget elementor-widget-icon-box\" data-id=\"1698794\" data-element_type=\"widget\" data-e-type=\"widget\" data-widget_type=\"icon-box.default\">\n\t\t\t\t<div class=\"elementor-widget-container\">\n\t\t\t\t\t\t\t<div class=\"elementor-icon-box-wrapper\">\n\n\t\t\t\t\t\t<div class=\"elementor-icon-box-icon\">\n\t\t\t\t<span  class=\"elementor-icon\">\n\t\t\t\t<i aria-hidden=\"true\" class=\"far fa-building\"><\/i>\t\t\t\t<\/span>\n\t\t\t<\/div>\n\t\t\t\n\t\t\t\t\t\t<div class=\"elementor-icon-box-content\">\n\n\t\t\t\t\t\t\t\t\t<h3 class=\"elementor-icon-box-title\">\n\t\t\t\t\t\t<span  >\n\t\t\t\t\t\t\tCOMPANY 2\t\t\t\t\t\t<\/span>\n\t\t\t\t\t<\/h3>\n\t\t\t\t\n\t\t\t\t\t\t\t\t\t<p class=\"elementor-icon-box-description\">\n\t\t\t\t\t\t\u00bb In the Prepayment Register<\/br>\n\u00bb In the VAT register<\/br>\n<\/ul>\n<strong>3200 \u20ac<\/strong>\t\t\t\t\t<\/p>\n\t\t\t\t\n\t\t\t<\/div>\n\t\t\t\n\t\t<\/div>\n\t\t\t\t\t\t<\/div>\n\t\t\t\t<\/div>\n\t\t\t\t\t<\/div>\n\t\t<\/div>\n\t\t\t\t<div class=\"elementor-column elementor-col-33 elementor-top-column elementor-element elementor-element-02f6193\" data-id=\"02f6193\" data-element_type=\"column\" data-e-type=\"column\">\n\t\t\t<div class=\"elementor-widget-wrap elementor-element-populated\">\n\t\t\t\t\t\t<div class=\"elementor-element elementor-element-f54a6aa elementor-view-default elementor-position-block-start elementor-mobile-position-block-start elementor-widget elementor-widget-icon-box\" data-id=\"f54a6aa\" data-element_type=\"widget\" data-e-type=\"widget\" data-widget_type=\"icon-box.default\">\n\t\t\t\t<div class=\"elementor-widget-container\">\n\t\t\t\t\t\t\t<div class=\"elementor-icon-box-wrapper\">\n\n\t\t\t\t\t\t<div class=\"elementor-icon-box-icon\">\n\t\t\t\t<span  class=\"elementor-icon\">\n\t\t\t\t<i aria-hidden=\"true\" class=\"far fa-building\"><\/i>\t\t\t\t<\/span>\n\t\t\t<\/div>\n\t\t\t\n\t\t\t\t\t\t<div class=\"elementor-icon-box-content\">\n\n\t\t\t\t\t\t\t\t\t<h3 class=\"elementor-icon-box-title\">\n\t\t\t\t\t\t<span  >\n\t\t\t\t\t\t\tCOMPANY 3\t\t\t\t\t\t<\/span>\n\t\t\t\t\t<\/h3>\n\t\t\t\t\n\t\t\t\t\t\t\t\t\t<p class=\"elementor-icon-box-description\">\n\t\t\t\t\t\t\u00bb In the Prepayment Register<\/br>\n\u00bb Not in VAT register<\/br>\n<\/ul>\n<strong>1500\u20ac<\/strong>\t\t\t\t\t<\/p>\n\t\t\t\t\n\t\t\t<\/div>\n\t\t\t\n\t\t<\/div>\n\t\t\t\t\t\t<\/div>\n\t\t\t\t<\/div>\n\t\t\t\t\t<\/div>\n\t\t<\/div>\n\t\t\t\t\t<\/div>\n\t\t<\/section>\n\t\t\t\t<section class=\"elementor-section elementor-top-section elementor-element elementor-element-ff54685 elementor-section-boxed elementor-section-height-default elementor-section-height-default\" data-id=\"ff54685\" data-element_type=\"section\" data-e-type=\"section\">\n\t\t\t\t\t\t<div class=\"elementor-container elementor-column-gap-default\">\n\t\t\t\t\t<div class=\"elementor-column elementor-col-100 elementor-top-column elementor-element elementor-element-0bdd393\" data-id=\"0bdd393\" data-element_type=\"column\" data-e-type=\"column\">\n\t\t\t<div class=\"elementor-widget-wrap elementor-element-populated\">\n\t\t\t\t\t\t<div class=\"elementor-element elementor-element-6593ef2 elementor-widget elementor-widget-spacer\" data-id=\"6593ef2\" data-element_type=\"widget\" data-e-type=\"widget\" data-widget_type=\"spacer.default\">\n\t\t\t\t<div class=\"elementor-widget-container\">\n\t\t\t\t\t\t\t<div class=\"elementor-spacer\">\n\t\t\t<div class=\"elementor-spacer-inner\"><\/div>\n\t\t<\/div>\n\t\t\t\t\t\t<\/div>\n\t\t\t\t<\/div>\n\t\t\t\t\t<\/div>\n\t\t<\/div>\n\t\t\t\t\t<\/div>\n\t\t<\/section>\n\t\t\t\t<section class=\"elementor-section elementor-top-section elementor-element elementor-element-95e8fc7 elementor-section-boxed elementor-section-height-default elementor-section-height-default\" data-id=\"95e8fc7\" data-element_type=\"section\" data-e-type=\"section\" data-settings=\"{&quot;background_background&quot;:&quot;classic&quot;}\">\n\t\t\t\t\t\t\t<div class=\"elementor-background-overlay\"><\/div>\n\t\t\t\t\t\t\t<div class=\"elementor-container elementor-column-gap-default\">\n\t\t\t\t\t<div class=\"elementor-column elementor-col-50 elementor-top-column elementor-element elementor-element-0cb315d\" data-id=\"0cb315d\" data-element_type=\"column\" data-e-type=\"column\">\n\t\t\t<div class=\"elementor-widget-wrap elementor-element-populated\">\n\t\t\t\t\t\t<div class=\"elementor-element elementor-element-a28fec7 elementor-widget elementor-widget-heading\" data-id=\"a28fec7\" data-element_type=\"widget\" data-e-type=\"widget\" data-widget_type=\"heading.default\">\n\t\t\t\t<div class=\"elementor-widget-container\">\n\t\t\t\t\t<h3 class=\"elementor-heading-title elementor-size-default\">Interested in a business for sale?<\/h3>\t\t\t\t<\/div>\n\t\t\t\t<\/div>\n\t\t\t\t<div class=\"elementor-element elementor-element-1f55bb6 elementor-widget elementor-widget-text-editor\" data-id=\"1f55bb6\" data-element_type=\"widget\" data-e-type=\"widget\" data-widget_type=\"text-editor.default\">\n\t\t\t\t<div class=\"elementor-widget-container\">\n\t\t\t\t\t\t\t\t\t<p>Contact us today and we'll tell you more!<\/p>\t\t\t\t\t\t\t\t<\/div>\n\t\t\t\t<\/div>\n\t\t\t\t\t<\/div>\n\t\t<\/div>\n\t\t\t\t<div class=\"elementor-column elementor-col-50 elementor-top-column elementor-element elementor-element-41359df\" data-id=\"41359df\" data-element_type=\"column\" data-e-type=\"column\">\n\t\t\t<div class=\"elementor-widget-wrap elementor-element-populated\">\n\t\t\t\t\t\t<div class=\"elementor-element elementor-element-cfac552 elementor-widget elementor-widget-spacer\" data-id=\"cfac552\" data-element_type=\"widget\" data-e-type=\"widget\" data-widget_type=\"spacer.default\">\n\t\t\t\t<div class=\"elementor-widget-container\">\n\t\t\t\t\t\t\t<div class=\"elementor-spacer\">\n\t\t\t<div class=\"elementor-spacer-inner\"><\/div>\n\t\t<\/div>\n\t\t\t\t\t\t<\/div>\n\t\t\t\t<\/div>\n\t\t\t\t<div class=\"elementor-element elementor-element-ec2b64c elementor-button-info elementor-align-center elementor-tablet-align-left elementor-mobile-align-center elementor-invisible elementor-widget elementor-widget-button\" data-id=\"ec2b64c\" data-element_type=\"widget\" data-e-type=\"widget\" data-settings=\"{&quot;_animation&quot;:&quot;fadeInUp&quot;}\" data-widget_type=\"button.default\">\n\t\t\t\t<div class=\"elementor-widget-container\">\n\t\t\t\t\t\t\t\t\t<div class=\"elementor-button-wrapper\">\n\t\t\t\t\t<a class=\"elementor-button elementor-button-link elementor-size-xs\" href=\"http:\/\/yrityskonsultit.fi\/en\/yhteystiedot\/\">\n\t\t\t\t\t\t<span class=\"elementor-button-content-wrapper\">\n\t\t\t\t\t\t<span class=\"elementor-button-icon\">\n\t\t\t\t<i aria-hidden=\"true\" class=\"fas fa-arrow-right\"><\/i>\t\t\t<\/span>\n\t\t\t\t\t\t\t\t\t<span class=\"elementor-button-text\">CONTACT<\/span>\n\t\t\t\t\t<\/span>\n\t\t\t\t\t<\/a>\n\t\t\t\t<\/div>\n\t\t\t\t\t\t\t\t<\/div>\n\t\t\t\t<\/div>\n\t\t\t\t\t<\/div>\n\t\t<\/div>\n\t\t\t\t\t<\/div>\n\t\t<\/section>\n\t\t\t\t<\/div>","protected":false},"excerpt":{"rendered":"<p>Myyt\u00e4v\u00e4t yritykset YRITYS 1 Ennakkoperint\u00e4rekisteriss\u00e4 ALV-rekisteriss\u00e4 3200 \u20ac YRITYS 2 Ennakkoperint\u00e4rekisteriss\u00e4 ALV-rekisteriss\u00e4 3200 \u20ac YRITYS 3 Ennakkoperint\u00e4rekisteriss\u00e4 ei ALV-rekisteriss\u00e4 1500\u20ac Kiinnostuitko myyt\u00e4v\u00e4st\u00e4 yrityksest\u00e4? Ota yhteytt\u00e4 jo t\u00e4n\u00e4\u00e4n ja kerromme sinulle lis\u00e4tietoja! OTA YHTEYTT\u00c4<\/p>","protected":false},"author":1,"featured_media":0,"parent":0,"menu_order":0,"comment_status":"closed","ping_status":"closed","template":"","meta":{"_uag_custom_page_level_css":"","_monsterinsights_skip_tracking":false,"_monsterinsights_sitenote_active":false,"_monsterinsights_sitenote_note":"","_monsterinsights_sitenote_category":0,"site-sidebar-layout":"no-sidebar","site-content-layout":"page-builder","ast-site-content-layout":"default","site-content-style":"default","site-sidebar-style":"default","ast-global-header-display":"","ast-banner-title-visibility":"","ast-main-header-display":"","ast-hfb-above-header-display":"","ast-hfb-below-header-display":"","ast-hfb-mobile-header-display":"","site-post-title":"disabled","ast-breadcrumbs-content":"","ast-featured-img":"disabled","footer-sml-layout":"","ast-disable-related-posts":"","theme-transparent-header-meta":"default","adv-header-id-meta":"","stick-header-meta":"","header-above-stick-meta":"","header-main-stick-meta":"","header-below-stick-meta":"","astra-migrate-meta-layouts":"default","ast-page-background-enabled":"default","ast-page-background-meta":{"desktop":{"background-color":"","background-image":"","background-repeat":"repeat","background-position":"center center","background-size":"auto","background-attachment":"scroll","background-type":"","background-media":"","overlay-type":"","overlay-color":"","overlay-opacity":"","overlay-gradient":""},"tablet":{"background-color":"","background-image":"","background-repeat":"repeat","background-position":"center center","background-size":"auto","background-attachment":"scroll","background-type":"","background-media":"","overlay-type":"","overlay-color":"","overlay-opacity":"","overlay-gradient":""},"mobile":{"background-color":"","background-image":"","background-repeat":"repeat","background-position":"center center","background-size":"auto","background-attachment":"scroll","background-type":"","background-media":"","overlay-type":"","overlay-color":"","overlay-opacity":"","overlay-gradient":""}},"ast-content-background-meta":{"desktop":{"background-color":"var(--ast-global-color-5)","background-image":"","background-repeat":"repeat","background-position":"center center","background-size":"auto","background-attachment":"scroll","background-type":"","background-media":"","overlay-type":"","overlay-color":"","overlay-opacity":"","overlay-gradient":""},"tablet":{"background-color":"var(--ast-global-color-5)","background-image":"","background-repeat":"repeat","background-position":"center center","background-size":"auto","background-attachment":"scroll","background-type":"","background-media":"","overlay-type":"","overlay-color":"","overlay-opacity":"","overlay-gradient":""},"mobile":{"background-color":"var(--ast-global-color-5)","background-image":"","background-repeat":"repeat","background-position":"center center","background-size":"auto","background-attachment":"scroll","background-type":"","background-media":"","overlay-type":"","overlay-color":"","overlay-opacity":"","overlay-gradient":""}},"footnotes":""},"class_list":["post-1622","page","type-page","status-publish","hentry"],"yoast_head":"<!-- This site is optimized with the Yoast SEO plugin v27.3 - https:\/\/yoast.com\/product\/yoast-seo-wordpress\/ -->\n<title>Myyt\u00e4v\u00e4t yritykset - Yrityskonsultit<\/title>\n<meta name=\"robots\" content=\"index, follow, max-snippet:-1, max-image-preview:large, max-video-preview:-1\" \/>\n<link rel=\"canonical\" href=\"https:\/\/yrityskonsultit.fi\/en\/myytavat-yritykset\/\" \/>\n<meta property=\"og:locale\" content=\"en_GB\" \/>\n<meta property=\"og:type\" content=\"article\" \/>\n<meta property=\"og:title\" content=\"Myyt\u00e4v\u00e4t yritykset - Yrityskonsultit\" \/>\n<meta property=\"og:description\" content=\"Myyt\u00e4v\u00e4t yritykset YRITYS 1 Ennakkoperint\u00e4rekisteriss\u00e4 ALV-rekisteriss\u00e4 3200 \u20ac YRITYS 2 Ennakkoperint\u00e4rekisteriss\u00e4 ALV-rekisteriss\u00e4 3200 \u20ac YRITYS 3 Ennakkoperint\u00e4rekisteriss\u00e4 ei ALV-rekisteriss\u00e4 1500\u20ac Kiinnostuitko myyt\u00e4v\u00e4st\u00e4 yrityksest\u00e4? Ota yhteytt\u00e4 jo t\u00e4n\u00e4\u00e4n ja kerromme sinulle lis\u00e4tietoja! OTA YHTEYTT\u00c4\" \/>\n<meta property=\"og:url\" content=\"https:\/\/yrityskonsultit.fi\/en\/myytavat-yritykset\/\" \/>\n<meta property=\"og:site_name\" content=\"Yrityskonsultit\" \/>\n<meta property=\"article:modified_time\" content=\"2022-06-21T09:04:22+00:00\" \/>\n<meta name=\"twitter:card\" content=\"summary_large_image\" \/>\n<meta name=\"twitter:label1\" content=\"Estimated reading time\" \/>\n\t<meta name=\"twitter:data1\" content=\"1 minute\" \/>\n<script type=\"application\/ld+json\" class=\"yoast-schema-graph\">{\"@context\":\"https:\\\/\\\/schema.org\",\"@graph\":[{\"@type\":\"WebPage\",\"@id\":\"https:\\\/\\\/yrityskonsultit.fi\\\/myytavat-yritykset\\\/\",\"url\":\"https:\\\/\\\/yrityskonsultit.fi\\\/myytavat-yritykset\\\/\",\"name\":\"Myyt\u00e4v\u00e4t yritykset - Yrityskonsultit\",\"isPartOf\":{\"@id\":\"https:\\\/\\\/yrityskonsultit.fi\\\/#website\"},\"datePublished\":\"2020-06-16T11:54:47+00:00\",\"dateModified\":\"2022-06-21T09:04:22+00:00\",\"breadcrumb\":{\"@id\":\"https:\\\/\\\/yrityskonsultit.fi\\\/myytavat-yritykset\\\/#breadcrumb\"},\"inLanguage\":\"en-GB\",\"potentialAction\":[{\"@type\":\"ReadAction\",\"target\":[\"https:\\\/\\\/yrityskonsultit.fi\\\/myytavat-yritykset\\\/\"]}]},{\"@type\":\"BreadcrumbList\",\"@id\":\"https:\\\/\\\/yrityskonsultit.fi\\\/myytavat-yritykset\\\/#breadcrumb\",\"itemListElement\":[{\"@type\":\"ListItem\",\"position\":1,\"name\":\"Home\",\"item\":\"https:\\\/\\\/yrityskonsultit.fi\\\/\"},{\"@type\":\"ListItem\",\"position\":2,\"name\":\"Myyt\u00e4v\u00e4t yritykset\"}]},{\"@type\":\"WebSite\",\"@id\":\"https:\\\/\\\/yrityskonsultit.fi\\\/#website\",\"url\":\"https:\\\/\\\/yrityskonsultit.fi\\\/\",\"name\":\"Yrityskonsultit\",\"description\":\"\",\"publisher\":{\"@id\":\"https:\\\/\\\/yrityskonsultit.fi\\\/#organization\"},\"potentialAction\":[{\"@type\":\"SearchAction\",\"target\":{\"@type\":\"EntryPoint\",\"urlTemplate\":\"https:\\\/\\\/yrityskonsultit.fi\\\/?s={search_term_string}\"},\"query-input\":{\"@type\":\"PropertyValueSpecification\",\"valueRequired\":true,\"valueName\":\"search_term_string\"}}],\"inLanguage\":\"en-GB\"},{\"@type\":\"Organization\",\"@id\":\"https:\\\/\\\/yrityskonsultit.fi\\\/#organization\",\"name\":\"Yrityskonsultit\",\"url\":\"https:\\\/\\\/yrityskonsultit.fi\\\/\",\"logo\":{\"@type\":\"ImageObject\",\"inLanguage\":\"en-GB\",\"@id\":\"https:\\\/\\\/yrityskonsultit.fi\\\/#\\\/schema\\\/logo\\\/image\\\/\",\"url\":\"https:\\\/\\\/yrityskonsultit.fi\\\/wp-content\\\/uploads\\\/2021\\\/03\\\/cropped-Kopio_-Modern-Real-Estate-Logo-3.png\",\"contentUrl\":\"https:\\\/\\\/yrityskonsultit.fi\\\/wp-content\\\/uploads\\\/2021\\\/03\\\/cropped-Kopio_-Modern-Real-Estate-Logo-3.png\",\"width\":1200,\"height\":182,\"caption\":\"Yrityskonsultit\"},\"image\":{\"@id\":\"https:\\\/\\\/yrityskonsultit.fi\\\/#\\\/schema\\\/logo\\\/image\\\/\"}}]}<\/script>\n<!-- \/ Yoast SEO plugin. -->","yoast_head_json":{"title":"Myyt\u00e4v\u00e4t yritykset - Yrityskonsultit","robots":{"index":"index","follow":"follow","max-snippet":"max-snippet:-1","max-image-preview":"max-image-preview:large","max-video-preview":"max-video-preview:-1"},"canonical":"https:\/\/yrityskonsultit.fi\/en\/myytavat-yritykset\/","og_locale":"en_GB","og_type":"article","og_title":"Myyt\u00e4v\u00e4t yritykset - Yrityskonsultit","og_description":"Myyt\u00e4v\u00e4t yritykset YRITYS 1 Ennakkoperint\u00e4rekisteriss\u00e4 ALV-rekisteriss\u00e4 3200 \u20ac YRITYS 2 Ennakkoperint\u00e4rekisteriss\u00e4 ALV-rekisteriss\u00e4 3200 \u20ac YRITYS 3 Ennakkoperint\u00e4rekisteriss\u00e4 ei ALV-rekisteriss\u00e4 1500\u20ac Kiinnostuitko myyt\u00e4v\u00e4st\u00e4 yrityksest\u00e4? Ota yhteytt\u00e4 jo t\u00e4n\u00e4\u00e4n ja kerromme sinulle lis\u00e4tietoja! OTA YHTEYTT\u00c4","og_url":"https:\/\/yrityskonsultit.fi\/en\/myytavat-yritykset\/","og_site_name":"Yrityskonsultit","article_modified_time":"2022-06-21T09:04:22+00:00","twitter_card":"summary_large_image","twitter_misc":{"Estimated reading time":"1 minute"},"schema":{"@context":"https:\/\/schema.org","@graph":[{"@type":"WebPage","@id":"https:\/\/yrityskonsultit.fi\/myytavat-yritykset\/","url":"https:\/\/yrityskonsultit.fi\/myytavat-yritykset\/","name":"Myyt\u00e4v\u00e4t yritykset - Yrityskonsultit","isPartOf":{"@id":"https:\/\/yrityskonsultit.fi\/#website"},"datePublished":"2020-06-16T11:54:47+00:00","dateModified":"2022-06-21T09:04:22+00:00","breadcrumb":{"@id":"https:\/\/yrityskonsultit.fi\/myytavat-yritykset\/#breadcrumb"},"inLanguage":"en-GB","potentialAction":[{"@type":"ReadAction","target":["https:\/\/yrityskonsultit.fi\/myytavat-yritykset\/"]}]},{"@type":"BreadcrumbList","@id":"https:\/\/yrityskonsultit.fi\/myytavat-yritykset\/#breadcrumb","itemListElement":[{"@type":"ListItem","position":1,"name":"Home","item":"https:\/\/yrityskonsultit.fi\/"},{"@type":"ListItem","position":2,"name":"Myyt\u00e4v\u00e4t yritykset"}]},{"@type":"WebSite","@id":"https:\/\/yrityskonsultit.fi\/#website","url":"https:\/\/yrityskonsultit.fi\/","name":"Business consultants","description":"","publisher":{"@id":"https:\/\/yrityskonsultit.fi\/#organization"},"potentialAction":[{"@type":"SearchAction","target":{"@type":"EntryPoint","urlTemplate":"https:\/\/yrityskonsultit.fi\/?s={search_term_string}"},"query-input":{"@type":"PropertyValueSpecification","valueRequired":true,"valueName":"search_term_string"}}],"inLanguage":"en-GB"},{"@type":"Organization","@id":"https:\/\/yrityskonsultit.fi\/#organization","name":"Business consultants","url":"https:\/\/yrityskonsultit.fi\/","logo":{"@type":"ImageObject","inLanguage":"en-GB","@id":"https:\/\/yrityskonsultit.fi\/#\/schema\/logo\/image\/","url":"https:\/\/yrityskonsultit.fi\/wp-content\/uploads\/2021\/03\/cropped-Kopio_-Modern-Real-Estate-Logo-3.png","contentUrl":"https:\/\/yrityskonsultit.fi\/wp-content\/uploads\/2021\/03\/cropped-Kopio_-Modern-Real-Estate-Logo-3.png","width":1200,"height":182,"caption":"Yrityskonsultit"},"image":{"@id":"https:\/\/yrityskonsultit.fi\/#\/schema\/logo\/image\/"}}]}},"uagb_featured_image_src":{"full":false,"thumbnail":false,"medium":false,"medium_large":false,"large":false,"1536x1536":false,"2048x2048":false,"trp-custom-language-flag":false},"uagb_author_info":{"display_name":"admin","author_link":"https:\/\/yrityskonsultit.fi\/en\/author\/admin\/"},"uagb_comment_info":0,"uagb_excerpt":"Myyt\u00e4v\u00e4t yritykset YRITYS 1 Ennakkoperint\u00e4rekisteriss\u00e4 ALV-rekisteriss\u00e4 3200 \u20ac YRITYS 2 Ennakkoperint\u00e4rekisteriss\u00e4 ALV-rekisteriss\u00e4 3200 \u20ac YRITYS 3 Ennakkoperint\u00e4rekisteriss\u00e4 ei ALV-rekisteriss\u00e4 1500\u20ac Kiinnostuitko myyt\u00e4v\u00e4st\u00e4 yrityksest\u00e4? Ota yhteytt\u00e4 jo t\u00e4n\u00e4\u00e4n ja kerromme sinulle lis\u00e4tietoja! OTA YHTEYTT\u00c4","_links":{"self":[{"href":"https:\/\/yrityskonsultit.fi\/en\/wp-json\/wp\/v2\/pages\/1622","targetHints":{"allow":["GET"]}}],"collection":[{"href":"https:\/\/yrityskonsultit.fi\/en\/wp-json\/wp\/v2\/pages"}],"about":[{"href":"https:\/\/yrityskonsultit.fi\/en\/wp-json\/wp\/v2\/types\/page"}],"author":[{"embeddable":true,"href":"https:\/\/yrityskonsultit.fi\/en\/wp-json\/wp\/v2\/users\/1"}],"replies":[{"embeddable":true,"href":"https:\/\/yrityskonsultit.fi\/en\/wp-json\/wp\/v2\/comments?post=1622"}],"version-history":[{"count":14,"href":"https:\/\/yrityskonsultit.fi\/en\/wp-json\/wp\/v2\/pages\/1622\/revisions"}],"predecessor-version":[{"id":1811,"href":"https:\/\/yrityskonsultit.fi\/en\/wp-json\/wp\/v2\/pages\/1622\/revisions\/1811"}],"wp:attachment":[{"href":"https:\/\/yrityskonsultit.fi\/en\/wp-json\/wp\/v2\/media?parent=1622"}],"curies":[{"name":"wp","href":"https:\/\/api.w.org\/{rel}","templated":true}]}}