{"id":1624,"date":"2020-06-16T11:55:05","date_gmt":"2020-06-16T11:55:05","guid":{"rendered":"https:\/\/yrityskonsultit.fi\/?page_id=1624"},"modified":"2021-03-16T12:48:57","modified_gmt":"2021-03-16T12:48:57","slug":"ostetaan-yritys","status":"publish","type":"page","link":"https:\/\/yrityskonsultit.fi\/en\/ostetaan-yritys\/","title":{"rendered":"Companies to buy"},"content":{"rendered":"<div data-elementor-type=\"wp-page\" data-elementor-id=\"1624\" class=\"elementor elementor-1624\">\n\t\t\t\t\t\t<section class=\"elementor-section elementor-top-section elementor-element elementor-element-0ec261e elementor-section-stretched elementor-section-height-full elementor-section-boxed elementor-section-height-default elementor-section-items-middle\" data-id=\"0ec261e\" data-element_type=\"section\" data-e-type=\"section\" data-settings=\"{&quot;stretch_section&quot;:&quot;section-stretched&quot;,&quot;background_background&quot;:&quot;classic&quot;}\">\n\t\t\t\t\t\t\t<div class=\"elementor-background-overlay\"><\/div>\n\t\t\t\t\t\t\t<div class=\"elementor-container elementor-column-gap-default\">\n\t\t\t\t\t<div class=\"elementor-column elementor-col-100 elementor-top-column elementor-element elementor-element-d31f16b\" data-id=\"d31f16b\" data-element_type=\"column\" data-e-type=\"column\">\n\t\t\t<div class=\"elementor-widget-wrap elementor-element-populated\">\n\t\t\t\t\t\t<div class=\"elementor-element elementor-element-de10ce0 elementor-widget elementor-widget-heading\" data-id=\"de10ce0\" data-element_type=\"widget\" data-e-type=\"widget\" data-widget_type=\"heading.default\">\n\t\t\t\t<div class=\"elementor-widget-container\">\n\t\t\t\t\t<h1 class=\"elementor-heading-title elementor-size-default\">Companies to buy<\/h1>\t\t\t\t<\/div>\n\t\t\t\t<\/div>\n\t\t\t\t<div class=\"elementor-element elementor-element-8a58c7e elementor-widget elementor-widget-heading\" data-id=\"8a58c7e\" data-element_type=\"widget\" data-e-type=\"widget\" data-widget_type=\"heading.default\">\n\t\t\t\t<div class=\"elementor-widget-container\">\n\t\t\t\t\t<h4 class=\"elementor-heading-title elementor-size-default\">We buy table-top companies or companies that are going out of business. We clean up the business and, if possible, sell it on. We also buy problem businesses, such as those that have bad accounts.<\/h4>\t\t\t\t<\/div>\n\t\t\t\t<\/div>\n\t\t\t\t\t<\/div>\n\t\t<\/div>\n\t\t\t\t\t<\/div>\n\t\t<\/section>\n\t\t\t\t<\/div>","protected":false},"excerpt":{"rendered":"<p>Ostetaan yrityksi\u00e4 Ostamme p\u00f6yt\u00e4laatikkoyrityksi\u00e4 tai yrityksi\u00e4, jotka on lopettamassa toimintaansa. Siivoamme yrityksen ja jos mahdollista, myymme sen eteenp\u00e4in. Ostamme my\u00f6s ongelmayrityksi\u00e4, joilla on esimerkiksi r\u00e4stikirjanpitoa.<\/p>","protected":false},"author":1,"featured_media":0,"parent":0,"menu_order":0,"comment_status":"closed","ping_status":"closed","template":"","meta":{"_uag_custom_page_level_css":"","_monsterinsights_skip_tracking":false,"_monsterinsights_sitenote_active":false,"_monsterinsights_sitenote_note":"","_monsterinsights_sitenote_category":0,"site-sidebar-layout":"no-sidebar","site-content-layout":"page-builder","ast-site-content-layout":"default","site-content-style":"default","site-sidebar-style":"default","ast-global-header-display":"","ast-banner-title-visibility":"","ast-main-header-display":"","ast-hfb-above-header-display":"","ast-hfb-below-header-display":"","ast-hfb-mobile-header-display":"","site-post-title":"disabled","ast-breadcrumbs-content":"","ast-featured-img":"disabled","footer-sml-layout":"","ast-disable-related-posts":"","theme-transparent-header-meta":"default","adv-header-id-meta":"","stick-header-meta":"","header-above-stick-meta":"","header-main-stick-meta":"","header-below-stick-meta":"","astra-migrate-meta-layouts":"default","ast-page-background-enabled":"default","ast-page-background-meta":{"desktop":{"background-color":"","background-image":"","background-repeat":"repeat","background-position":"center center","background-size":"auto","background-attachment":"scroll","background-type":"","background-media":"","overlay-type":"","overlay-color":"","overlay-opacity":"","overlay-gradient":""},"tablet":{"background-color":"","background-image":"","background-repeat":"repeat","background-position":"center center","background-size":"auto","background-attachment":"scroll","background-type":"","background-media":"","overlay-type":"","overlay-color":"","overlay-opacity":"","overlay-gradient":""},"mobile":{"background-color":"","background-image":"","background-repeat":"repeat","background-position":"center center","background-size":"auto","background-attachment":"scroll","background-type":"","background-media":"","overlay-type":"","overlay-color":"","overlay-opacity":"","overlay-gradient":""}},"ast-content-background-meta":{"desktop":{"background-color":"var(--ast-global-color-5)","background-image":"","background-repeat":"repeat","background-position":"center center","background-size":"auto","background-attachment":"scroll","background-type":"","background-media":"","overlay-type":"","overlay-color":"","overlay-opacity":"","overlay-gradient":""},"tablet":{"background-color":"var(--ast-global-color-5)","background-image":"","background-repeat":"repeat","background-position":"center center","background-size":"auto","background-attachment":"scroll","background-type":"","background-media":"","overlay-type":"","overlay-color":"","overlay-opacity":"","overlay-gradient":""},"mobile":{"background-color":"var(--ast-global-color-5)","background-image":"","background-repeat":"repeat","background-position":"center center","background-size":"auto","background-attachment":"scroll","background-type":"","background-media":"","overlay-type":"","overlay-color":"","overlay-opacity":"","overlay-gradient":""}},"footnotes":""},"class_list":["post-1624","page","type-page","status-publish","hentry"],"yoast_head":"<!-- This site is optimized with the Yoast SEO plugin v27.3 - https:\/\/yoast.com\/product\/yoast-seo-wordpress\/ -->\n<title>Ostetaan yrityksi\u00e4 - Yrityskonsultit<\/title>\n<meta name=\"robots\" content=\"index, follow, max-snippet:-1, max-image-preview:large, max-video-preview:-1\" \/>\n<link rel=\"canonical\" href=\"https:\/\/yrityskonsultit.fi\/en\/ostetaan-yritys\/\" \/>\n<meta property=\"og:locale\" content=\"en_GB\" \/>\n<meta property=\"og:type\" content=\"article\" \/>\n<meta property=\"og:title\" content=\"Ostetaan yrityksi\u00e4 - Yrityskonsultit\" \/>\n<meta property=\"og:description\" content=\"Ostetaan yrityksi\u00e4 Ostamme p\u00f6yt\u00e4laatikkoyrityksi\u00e4 tai yrityksi\u00e4, jotka on lopettamassa toimintaansa. Siivoamme yrityksen ja jos mahdollista, myymme sen eteenp\u00e4in. Ostamme my\u00f6s ongelmayrityksi\u00e4, joilla on esimerkiksi r\u00e4stikirjanpitoa.\" \/>\n<meta property=\"og:url\" content=\"https:\/\/yrityskonsultit.fi\/en\/ostetaan-yritys\/\" \/>\n<meta property=\"og:site_name\" content=\"Yrityskonsultit\" \/>\n<meta property=\"article:modified_time\" content=\"2021-03-16T12:48:57+00:00\" \/>\n<meta name=\"twitter:card\" content=\"summary_large_image\" \/>\n<script type=\"application\/ld+json\" class=\"yoast-schema-graph\">{\"@context\":\"https:\\\/\\\/schema.org\",\"@graph\":[{\"@type\":\"WebPage\",\"@id\":\"https:\\\/\\\/yrityskonsultit.fi\\\/ostetaan-yritys\\\/\",\"url\":\"https:\\\/\\\/yrityskonsultit.fi\\\/ostetaan-yritys\\\/\",\"name\":\"Ostetaan yrityksi\u00e4 - Yrityskonsultit\",\"isPartOf\":{\"@id\":\"https:\\\/\\\/yrityskonsultit.fi\\\/#website\"},\"datePublished\":\"2020-06-16T11:55:05+00:00\",\"dateModified\":\"2021-03-16T12:48:57+00:00\",\"breadcrumb\":{\"@id\":\"https:\\\/\\\/yrityskonsultit.fi\\\/ostetaan-yritys\\\/#breadcrumb\"},\"inLanguage\":\"en-GB\",\"potentialAction\":[{\"@type\":\"ReadAction\",\"target\":[\"https:\\\/\\\/yrityskonsultit.fi\\\/ostetaan-yritys\\\/\"]}]},{\"@type\":\"BreadcrumbList\",\"@id\":\"https:\\\/\\\/yrityskonsultit.fi\\\/ostetaan-yritys\\\/#breadcrumb\",\"itemListElement\":[{\"@type\":\"ListItem\",\"position\":1,\"name\":\"Home\",\"item\":\"https:\\\/\\\/yrityskonsultit.fi\\\/\"},{\"@type\":\"ListItem\",\"position\":2,\"name\":\"Ostetaan yrityksi\u00e4\"}]},{\"@type\":\"WebSite\",\"@id\":\"https:\\\/\\\/yrityskonsultit.fi\\\/#website\",\"url\":\"https:\\\/\\\/yrityskonsultit.fi\\\/\",\"name\":\"Yrityskonsultit\",\"description\":\"\",\"publisher\":{\"@id\":\"https:\\\/\\\/yrityskonsultit.fi\\\/#organization\"},\"potentialAction\":[{\"@type\":\"SearchAction\",\"target\":{\"@type\":\"EntryPoint\",\"urlTemplate\":\"https:\\\/\\\/yrityskonsultit.fi\\\/?s={search_term_string}\"},\"query-input\":{\"@type\":\"PropertyValueSpecification\",\"valueRequired\":true,\"valueName\":\"search_term_string\"}}],\"inLanguage\":\"en-GB\"},{\"@type\":\"Organization\",\"@id\":\"https:\\\/\\\/yrityskonsultit.fi\\\/#organization\",\"name\":\"Yrityskonsultit\",\"url\":\"https:\\\/\\\/yrityskonsultit.fi\\\/\",\"logo\":{\"@type\":\"ImageObject\",\"inLanguage\":\"en-GB\",\"@id\":\"https:\\\/\\\/yrityskonsultit.fi\\\/#\\\/schema\\\/logo\\\/image\\\/\",\"url\":\"https:\\\/\\\/yrityskonsultit.fi\\\/wp-content\\\/uploads\\\/2021\\\/03\\\/cropped-Kopio_-Modern-Real-Estate-Logo-3.png\",\"contentUrl\":\"https:\\\/\\\/yrityskonsultit.fi\\\/wp-content\\\/uploads\\\/2021\\\/03\\\/cropped-Kopio_-Modern-Real-Estate-Logo-3.png\",\"width\":1200,\"height\":182,\"caption\":\"Yrityskonsultit\"},\"image\":{\"@id\":\"https:\\\/\\\/yrityskonsultit.fi\\\/#\\\/schema\\\/logo\\\/image\\\/\"}}]}<\/script>\n<!-- \/ Yoast SEO plugin. -->","yoast_head_json":{"title":"Ostetaan yrityksi\u00e4 - Yrityskonsultit","robots":{"index":"index","follow":"follow","max-snippet":"max-snippet:-1","max-image-preview":"max-image-preview:large","max-video-preview":"max-video-preview:-1"},"canonical":"https:\/\/yrityskonsultit.fi\/en\/ostetaan-yritys\/","og_locale":"en_GB","og_type":"article","og_title":"Ostetaan yrityksi\u00e4 - Yrityskonsultit","og_description":"Ostetaan yrityksi\u00e4 Ostamme p\u00f6yt\u00e4laatikkoyrityksi\u00e4 tai yrityksi\u00e4, jotka on lopettamassa toimintaansa. Siivoamme yrityksen ja jos mahdollista, myymme sen eteenp\u00e4in. Ostamme my\u00f6s ongelmayrityksi\u00e4, joilla on esimerkiksi r\u00e4stikirjanpitoa.","og_url":"https:\/\/yrityskonsultit.fi\/en\/ostetaan-yritys\/","og_site_name":"Yrityskonsultit","article_modified_time":"2021-03-16T12:48:57+00:00","twitter_card":"summary_large_image","schema":{"@context":"https:\/\/schema.org","@graph":[{"@type":"WebPage","@id":"https:\/\/yrityskonsultit.fi\/ostetaan-yritys\/","url":"https:\/\/yrityskonsultit.fi\/ostetaan-yritys\/","name":"Ostetaan yrityksi\u00e4 - Yrityskonsultit","isPartOf":{"@id":"https:\/\/yrityskonsultit.fi\/#website"},"datePublished":"2020-06-16T11:55:05+00:00","dateModified":"2021-03-16T12:48:57+00:00","breadcrumb":{"@id":"https:\/\/yrityskonsultit.fi\/ostetaan-yritys\/#breadcrumb"},"inLanguage":"en-GB","potentialAction":[{"@type":"ReadAction","target":["https:\/\/yrityskonsultit.fi\/ostetaan-yritys\/"]}]},{"@type":"BreadcrumbList","@id":"https:\/\/yrityskonsultit.fi\/ostetaan-yritys\/#breadcrumb","itemListElement":[{"@type":"ListItem","position":1,"name":"Home","item":"https:\/\/yrityskonsultit.fi\/"},{"@type":"ListItem","position":2,"name":"Ostetaan yrityksi\u00e4"}]},{"@type":"WebSite","@id":"https:\/\/yrityskonsultit.fi\/#website","url":"https:\/\/yrityskonsultit.fi\/","name":"Business consultants","description":"","publisher":{"@id":"https:\/\/yrityskonsultit.fi\/#organization"},"potentialAction":[{"@type":"SearchAction","target":{"@type":"EntryPoint","urlTemplate":"https:\/\/yrityskonsultit.fi\/?s={search_term_string}"},"query-input":{"@type":"PropertyValueSpecification","valueRequired":true,"valueName":"search_term_string"}}],"inLanguage":"en-GB"},{"@type":"Organization","@id":"https:\/\/yrityskonsultit.fi\/#organization","name":"Business consultants","url":"https:\/\/yrityskonsultit.fi\/","logo":{"@type":"ImageObject","inLanguage":"en-GB","@id":"https:\/\/yrityskonsultit.fi\/#\/schema\/logo\/image\/","url":"https:\/\/yrityskonsultit.fi\/wp-content\/uploads\/2021\/03\/cropped-Kopio_-Modern-Real-Estate-Logo-3.png","contentUrl":"https:\/\/yrityskonsultit.fi\/wp-content\/uploads\/2021\/03\/cropped-Kopio_-Modern-Real-Estate-Logo-3.png","width":1200,"height":182,"caption":"Yrityskonsultit"},"image":{"@id":"https:\/\/yrityskonsultit.fi\/#\/schema\/logo\/image\/"}}]}},"uagb_featured_image_src":{"full":false,"thumbnail":false,"medium":false,"medium_large":false,"large":false,"1536x1536":false,"2048x2048":false,"trp-custom-language-flag":false},"uagb_author_info":{"display_name":"admin","author_link":"https:\/\/yrityskonsultit.fi\/en\/author\/admin\/"},"uagb_comment_info":0,"uagb_excerpt":"Ostetaan yrityksi\u00e4 Ostamme p\u00f6yt\u00e4laatikkoyrityksi\u00e4 tai yrityksi\u00e4, jotka on lopettamassa toimintaansa. Siivoamme yrityksen ja jos mahdollista, myymme sen eteenp\u00e4in. Ostamme my\u00f6s ongelmayrityksi\u00e4, joilla on esimerkiksi r\u00e4stikirjanpitoa.","_links":{"self":[{"href":"https:\/\/yrityskonsultit.fi\/en\/wp-json\/wp\/v2\/pages\/1624","targetHints":{"allow":["GET"]}}],"collection":[{"href":"https:\/\/yrityskonsultit.fi\/en\/wp-json\/wp\/v2\/pages"}],"about":[{"href":"https:\/\/yrityskonsultit.fi\/en\/wp-json\/wp\/v2\/types\/page"}],"author":[{"embeddable":true,"href":"https:\/\/yrityskonsultit.fi\/en\/wp-json\/wp\/v2\/users\/1"}],"replies":[{"embeddable":true,"href":"https:\/\/yrityskonsultit.fi\/en\/wp-json\/wp\/v2\/comments?post=1624"}],"version-history":[{"count":5,"href":"https:\/\/yrityskonsultit.fi\/en\/wp-json\/wp\/v2\/pages\/1624\/revisions"}],"predecessor-version":[{"id":1744,"href":"https:\/\/yrityskonsultit.fi\/en\/wp-json\/wp\/v2\/pages\/1624\/revisions\/1744"}],"wp:attachment":[{"href":"https:\/\/yrityskonsultit.fi\/en\/wp-json\/wp\/v2\/media?parent=1624"}],"curies":[{"name":"wp","href":"https:\/\/api.w.org\/{rel}","templated":true}]}}